{"id":2347,"date":"2024-03-27T15:43:21","date_gmt":"2024-03-27T14:43:21","guid":{"rendered":"https:\/\/new.arrowguitars.com\/?page_id=2347"},"modified":"2024-03-27T15:49:21","modified_gmt":"2024-03-27T14:49:21","slug":"strona-z-podziekowaniami","status":"publish","type":"page","link":"https:\/\/arrowguitars.com\/pl\/strona-z-podziekowaniami\/","title":{"rendered":"Strona z podzi\u0119kowaniami"},"content":{"rendered":"<div data-elementor-type=\"wp-page\" data-elementor-id=\"2347\" class=\"elementor elementor-2347\" data-elementor-post-type=\"page\">\n\t\t\t\t\t\t<section class=\"elementor-section elementor-top-section elementor-element elementor-element-f8d4ca5 elementor-section-content-middle elementor-section-boxed elementor-section-height-default elementor-section-height-default\" data-id=\"f8d4ca5\" data-element_type=\"section\" data-e-type=\"section\">\n\t\t\t\t\t\t<div class=\"elementor-container elementor-column-gap-no\">\n\t\t\t\t\t<div class=\"elementor-column elementor-col-100 elementor-top-column elementor-element elementor-element-efb449a\" data-id=\"efb449a\" data-element_type=\"column\" data-e-type=\"column\">\n\t\t\t<div class=\"elementor-widget-wrap elementor-element-populated\">\n\t\t\t\t\t<div class=\"elementor-background-overlay\"><\/div>\n\t\t\t\t\t\t<section class=\"elementor-section elementor-inner-section elementor-element elementor-element-e70a5de elementor-section-content-middle elementor-section-full_width elementor-section-height-default elementor-section-height-default\" data-id=\"e70a5de\" data-element_type=\"section\" data-e-type=\"section\">\n\t\t\t\t\t\t<div class=\"elementor-container elementor-column-gap-default\">\n\t\t\t\t\t<div class=\"elementor-column elementor-col-100 elementor-inner-column elementor-element elementor-element-fddf27e\" data-id=\"fddf27e\" data-element_type=\"column\" data-e-type=\"column\">\n\t\t\t<div class=\"elementor-widget-wrap elementor-element-populated\">\n\t\t\t\t\t\t<div class=\"elementor-element elementor-element-9befb35 elementor-widget elementor-widget-woocommerce-breadcrumb\" data-id=\"9befb35\" data-element_type=\"widget\" data-e-type=\"widget\" data-widget_type=\"woocommerce-breadcrumb.default\">\n\t\t\t\t<div class=\"elementor-widget-container\">\n\t\t\t\t\t<nav class=\"woocommerce-breadcrumb\" aria-label=\"Breadcrumb\" data-no-translation=\"\" data-trp-gettext=\"\">Strona g\u0142\u00f3wna<\/nav>\t\t\t\t<\/div>\n\t\t\t\t<\/div>\n\t\t\t\t\t<\/div>\n\t\t<\/div>\n\t\t\t\t\t<\/div>\n\t\t<\/section>\n\t\t\t\t\t<\/div>\n\t\t<\/div>\n\t\t\t\t\t<\/div>\n\t\t<\/section>\n\t\t\t\t<section class=\"elementor-section elementor-top-section elementor-element elementor-element-dffc336 elementor-section-height-min-height elementor-section-boxed elementor-section-height-default elementor-section-items-middle\" data-id=\"dffc336\" data-element_type=\"section\" data-e-type=\"section\" data-settings=\"{&quot;background_background&quot;:&quot;classic&quot;}\">\n\t\t\t\t\t\t\t<div class=\"elementor-background-overlay\"><\/div>\n\t\t\t\t\t\t\t<div class=\"elementor-container elementor-column-gap-default\">\n\t\t\t\t\t<div class=\"elementor-column elementor-col-100 elementor-top-column elementor-element elementor-element-9f07bdd\" data-id=\"9f07bdd\" data-element_type=\"column\" data-e-type=\"column\">\n\t\t\t<div class=\"elementor-widget-wrap elementor-element-populated\">\n\t\t\t\t\t\t<div class=\"elementor-element elementor-element-cf2e7b1 elementor-widget elementor-widget-text-editor\" data-id=\"cf2e7b1\" data-element_type=\"widget\" data-e-type=\"widget\" data-widget_type=\"text-editor.default\">\n\t\t\t\t<div class=\"elementor-widget-container\">\n\t\t\t\t\t\t\t\t\t<h6 style=\"text-align: center;\"><span style=\"white-space-collapse: preserve;\">Dzi\u0119kujemy za zg\u0142oszenie do<\/span><\/h6>\t\t\t\t\t\t\t\t<\/div>\n\t\t\t\t<\/div>\n\t\t\t\t<div class=\"elementor-element elementor-element-731d9bb elementor-widget elementor-widget-text-editor\" data-id=\"731d9bb\" data-element_type=\"widget\" data-e-type=\"widget\" data-widget_type=\"text-editor.default\">\n\t\t\t\t<div class=\"elementor-widget-container\">\n\t\t\t\t\t\t\t\t\t<h1 style=\"text-align: center;\"><span style=\"white-space-collapse: preserve;\">ZOSTA\u0143 DEALEREM<\/span><\/h1>\t\t\t\t\t\t\t\t<\/div>\n\t\t\t\t<\/div>\n\t\t\t\t<div class=\"elementor-element elementor-element-f4e9299 elementor-align-center elementor-widget elementor-widget-button\" data-id=\"f4e9299\" data-element_type=\"widget\" data-e-type=\"widget\" data-widget_type=\"button.default\">\n\t\t\t\t<div class=\"elementor-widget-container\">\n\t\t\t\t\t\t\t\t\t<div class=\"elementor-button-wrapper\">\n\t\t\t\t\t<a class=\"elementor-button elementor-button-link elementor-size-sm\" href=\"https:\/\/arrowguitars.com\/pl\">\n\t\t\t\t\t\t<span class=\"elementor-button-content-wrapper\">\n\t\t\t\t\t\t\t\t\t<span class=\"elementor-button-text\">Wr\u00f3\u0107 do strony g\u0142\u00f3wnej<\/span>\n\t\t\t\t\t<\/span>\n\t\t\t\t\t<\/a>\n\t\t\t\t<\/div>\n\t\t\t\t\t\t\t\t<\/div>\n\t\t\t\t<\/div>\n\t\t\t\t\t<\/div>\n\t\t<\/div>\n\t\t\t\t\t<\/div>\n\t\t<\/section>\n\t\t\t\t<\/div>","protected":false},"excerpt":{"rendered":"<p>Dzi\u0119kujemy za zg\u0142oszenie do programu ZOSTA\u0143 DEALEREM Wr\u00f3\u0107 do strony g\u0142\u00f3wnej<\/p>","protected":false},"author":1,"featured_media":0,"parent":0,"menu_order":0,"comment_status":"closed","ping_status":"closed","template":"","meta":{"footnotes":""},"class_list":["post-2347","page","type-page","status-publish","hentry"],"_links":{"self":[{"href":"https:\/\/arrowguitars.com\/pl\/wp-json\/wp\/v2\/pages\/2347","targetHints":{"allow":["GET"]}}],"collection":[{"href":"https:\/\/arrowguitars.com\/pl\/wp-json\/wp\/v2\/pages"}],"about":[{"href":"https:\/\/arrowguitars.com\/pl\/wp-json\/wp\/v2\/types\/page"}],"author":[{"embeddable":true,"href":"https:\/\/arrowguitars.com\/pl\/wp-json\/wp\/v2\/users\/1"}],"replies":[{"embeddable":true,"href":"https:\/\/arrowguitars.com\/pl\/wp-json\/wp\/v2\/comments?post=2347"}],"version-history":[{"count":10,"href":"https:\/\/arrowguitars.com\/pl\/wp-json\/wp\/v2\/pages\/2347\/revisions"}],"predecessor-version":[{"id":2357,"href":"https:\/\/arrowguitars.com\/pl\/wp-json\/wp\/v2\/pages\/2347\/revisions\/2357"}],"wp:attachment":[{"href":"https:\/\/arrowguitars.com\/pl\/wp-json\/wp\/v2\/media?parent=2347"}],"curies":[{"name":"wp","href":"https:\/\/api.w.org\/{rel}","templated":true}]}}