{"id":9190,"date":"2025-03-19T09:41:49","date_gmt":"2025-03-19T08:41:49","guid":{"rendered":"https:\/\/arrowguitars.com\/?page_id=9190"},"modified":"2025-03-19T09:42:24","modified_gmt":"2025-03-19T08:42:24","slug":"geleria-kopia","status":"publish","type":"page","link":"https:\/\/arrowguitars.com\/pl\/geleria-kopia\/","title":{"rendered":"GELERIA KOPIA"},"content":{"rendered":"<div data-elementor-type=\"wp-page\" data-elementor-id=\"9190\" class=\"elementor elementor-9190\" data-elementor-post-type=\"page\">\n\t\t\t\t\t\t<section class=\"elementor-section elementor-top-section elementor-element elementor-element-892e6c9 elementor-section-boxed elementor-section-height-default elementor-section-height-default\" data-id=\"892e6c9\" data-element_type=\"section\" data-e-type=\"section\">\n\t\t\t\t\t\t<div class=\"elementor-container elementor-column-gap-default\">\n\t\t\t\t\t<div class=\"elementor-column elementor-col-100 elementor-top-column elementor-element elementor-element-dc9821c\" data-id=\"dc9821c\" data-element_type=\"column\" data-e-type=\"column\">\n\t\t\t<div class=\"elementor-widget-wrap elementor-element-populated\">\n\t\t\t\t\t\t<section class=\"elementor-section elementor-inner-section elementor-element elementor-element-884cfbf elementor-section-boxed elementor-section-height-default elementor-section-height-default\" data-id=\"884cfbf\" data-element_type=\"section\" data-e-type=\"section\">\n\t\t\t\t\t\t<div class=\"elementor-container elementor-column-gap-default\">\n\t\t\t\t\t<div class=\"elementor-column elementor-col-100 elementor-inner-column elementor-element elementor-element-951f96c\" data-id=\"951f96c\" data-element_type=\"column\" data-e-type=\"column\">\n\t\t\t<div class=\"elementor-widget-wrap elementor-element-populated\">\n\t\t\t\t\t\t<div class=\"elementor-element elementor-element-467d82b elementor-widget elementor-widget-html\" data-id=\"467d82b\" data-element_type=\"widget\" data-e-type=\"widget\" data-widget_type=\"html.default\">\n\t\t\t\t<div class=\"elementor-widget-container\">\n\t\t\t\t\t<script>jQuery(document).ready(function($){\r\n    \r\n    function updateGalleryBySKU() {\r\n        let sku = $('#current-variant-sku').text().trim();\r\n\r\n        if (!sku) return;\r\n\r\n        $('.elementor-image-carousel-wrapper .swiper-slide').each(function(){\r\n            let imgSrc = $(this).find('img').attr('src');\r\n\r\n            if(imgSrc.includes(sku)){\r\n                $(this).show();\r\n            } else {\r\n                $(this).hide();\r\n            }\r\n        });\r\n\r\n        \/\/ Aktualizacja karuzeli Elementora po zmianie\r\n        if (window.elementorFrontend) {\r\n            let swiperInstance = $('.elementor-image-carousel-wrapper').data('swiper');\r\n            if (swiperInstance) {\r\n                swiperInstance.update();\r\n                swiperInstance.slideTo(0); \/\/ Przewi\u0144 do pierwszego slajdu\r\n            }\r\n        }\r\n    }\r\n\r\n    \/\/ Od\u015bwie\u017c galeri\u0119 od razu po za\u0142adowaniu\r\n    updateGalleryBySKU();\r\n\r\n    \/\/ Aktualizuj galeri\u0119 za ka\u017cdym razem, gdy zmieni si\u0119 wariant produktu\r\n    $('form.variations_form').on('show_variation', function(){\r\n        setTimeout(updateGalleryBySKU, 150);\r\n    });\r\n});\r\n<\/script>\t\t\t\t<\/div>\n\t\t\t\t<\/div>\n\t\t\t\t\t<\/div>\n\t\t<\/div>\n\t\t\t\t\t<\/div>\n\t\t<\/section>\n\t\t\t\t\t<\/div>\n\t\t<\/div>\n\t\t\t\t\t<\/div>\n\t\t<\/section>\n\t\t\t\t<\/div>","protected":false},"excerpt":{"rendered":"","protected":false},"author":1,"featured_media":0,"parent":0,"menu_order":0,"comment_status":"closed","ping_status":"closed","template":"","meta":{"footnotes":""},"class_list":["post-9190","page","type-page","status-publish","hentry"],"_links":{"self":[{"href":"https:\/\/arrowguitars.com\/pl\/wp-json\/wp\/v2\/pages\/9190","targetHints":{"allow":["GET"]}}],"collection":[{"href":"https:\/\/arrowguitars.com\/pl\/wp-json\/wp\/v2\/pages"}],"about":[{"href":"https:\/\/arrowguitars.com\/pl\/wp-json\/wp\/v2\/types\/page"}],"author":[{"embeddable":true,"href":"https:\/\/arrowguitars.com\/pl\/wp-json\/wp\/v2\/users\/1"}],"replies":[{"embeddable":true,"href":"https:\/\/arrowguitars.com\/pl\/wp-json\/wp\/v2\/comments?post=9190"}],"version-history":[{"count":4,"href":"https:\/\/arrowguitars.com\/pl\/wp-json\/wp\/v2\/pages\/9190\/revisions"}],"predecessor-version":[{"id":9195,"href":"https:\/\/arrowguitars.com\/pl\/wp-json\/wp\/v2\/pages\/9190\/revisions\/9195"}],"wp:attachment":[{"href":"https:\/\/arrowguitars.com\/pl\/wp-json\/wp\/v2\/media?parent=9190"}],"curies":[{"name":"wp","href":"https:\/\/api.w.org\/{rel}","templated":true}]}}