{"id":9940,"date":"2025-04-23T13:19:32","date_gmt":"2025-04-23T11:19:32","guid":{"rendered":"https:\/\/arrowguitars.com\/?page_id=9940"},"modified":"2025-08-14T08:29:50","modified_gmt":"2025-08-14T06:29:50","slug":"newsletter","status":"publish","type":"page","link":"https:\/\/arrowguitars.com\/pl\/newsletter\/","title":{"rendered":"newsletter"},"content":{"rendered":"\t\t<div data-elementor-type=\"wp-page\" data-elementor-id=\"9940\" class=\"elementor elementor-9940\" data-elementor-post-type=\"page\">\n\t\t\t\t\t\t<section class=\"elementor-section elementor-top-section elementor-element elementor-element-806418e elementor-section-boxed elementor-section-height-default elementor-section-height-default\" data-id=\"806418e\" data-element_type=\"section\" data-e-type=\"section\" data-settings=\"{&quot;background_background&quot;:&quot;classic&quot;}\">\n\t\t\t\t\t\t<div class=\"elementor-container elementor-column-gap-default\">\n\t\t\t\t\t<div class=\"elementor-column elementor-col-100 elementor-top-column elementor-element elementor-element-69cd1b3\" data-id=\"69cd1b3\" data-element_type=\"column\" data-e-type=\"column\">\n\t\t\t<div class=\"elementor-widget-wrap elementor-element-populated\">\n\t\t\t\t\t\t<section class=\"elementor-section elementor-inner-section elementor-element elementor-element-1bc070e elementor-section-content-space-between elementor-section-full_width elementor-section-height-default elementor-section-height-default\" data-id=\"1bc070e\" data-element_type=\"section\" data-e-type=\"section\">\n\t\t\t\t\t\t<div class=\"elementor-container elementor-column-gap-default\">\n\t\t\t\t\t<div class=\"elementor-column elementor-col-100 elementor-inner-column elementor-element elementor-element-a56fd31\" data-id=\"a56fd31\" data-element_type=\"column\" data-e-type=\"column\">\n\t\t\t<div class=\"elementor-widget-wrap elementor-element-populated\">\n\t\t\t\t\t\t<div class=\"elementor-element elementor-element-da4e5cc elementor-widget elementor-widget-heading\" data-id=\"da4e5cc\" data-element_type=\"widget\" data-e-type=\"widget\" data-widget_type=\"heading.default\">\n\t\t\t\t<div class=\"elementor-widget-container\">\n\t\t\t\t\t<h2 class=\"elementor-heading-title elementor-size-default\">Newsletter<\/h2>\t\t\t\t<\/div>\n\t\t\t\t<\/div>\n\t\t\t\t\t<\/div>\n\t\t<\/div>\n\t\t\t\t\t<\/div>\n\t\t<\/section>\n\t\t\t\t<div class=\"elementor-element elementor-element-def8747 elementor-widget elementor-widget-html\" data-id=\"def8747\" data-element_type=\"widget\" data-e-type=\"widget\" data-widget_type=\"html.default\">\n\t\t\t\t<div class=\"elementor-widget-container\">\n\t\t\t\t\t<style>\r\n@media (max-width: 767px) {\r\n  #moje-zakladki .elementor-tabs-wrapper {\r\n    display: flex !important;\r\n    flex-direction: row !important;\r\n    flex-wrap: wrap;\r\n    justify-content: center;\r\n  }\r\n\r\n  #moje-zakladki .elementor-tab-title {\r\n    width: auto !important;\r\n    flex: 1 1 auto;\r\n    text-align: center;\r\n    white-space: nowrap;\r\n    margin: 2px;\r\n  }\r\n\r\n  #1moje-zakladki .elementor-tabs {\r\n    display: flex !important;\r\n    flex-direction: column;\r\n  }\r\n}\r\n\r\n@media (max-width: 767px) {\r\n  #moje-zakladki .elementor-tab-title.elementor-active {\r\n    display: none !important;\r\n  }\r\n}\r\n\r\n  #moje-zakladki .elementor-tab-title.elementor-tab-mobile-title {\r\n    display: none !important;\r\n  }\r\n\r\n\r\n\r\n\r\n<\/style>\r\n\t\t\t\t<\/div>\n\t\t\t\t<\/div>\n\t\t\t\t<div class=\"elementor-element elementor-element-92ecd29 elementor-widget-mobile__width-inherit elementor-tabs-view-horizontal elementor-widget elementor-widget-tabs\" data-id=\"92ecd29\" data-element_type=\"widget\" data-e-type=\"widget\" id=\"moje-zakladki\" data-widget_type=\"tabs.default\">\n\t\t\t\t<div class=\"elementor-widget-container\">\n\t\t\t\t\t\t\t<div class=\"elementor-tabs\">\n\t\t\t<div class=\"elementor-tabs-wrapper\" role=\"tablist\" >\n\t\t\t\t\t\t\t\t\t<div id=\"elementor-tab-title-1541\" class=\"elementor-tab-title elementor-tab-desktop-title\" aria-selected=\"true\" data-tab=\"1\" role=\"tab\" tabindex=\"0\" aria-controls=\"elementor-tab-content-1541\" aria-expanded=\"false\">\ud83c\uddec\ud83c\udde7 English<\/div>\n\t\t\t\t\t\t\t\t\t<div id=\"elementor-tab-title-1542\" class=\"elementor-tab-title elementor-tab-desktop-title\" aria-selected=\"false\" data-tab=\"2\" role=\"tab\" tabindex=\"-1\" aria-controls=\"elementor-tab-content-1542\" aria-expanded=\"false\">\ud83c\uddf5\ud83c\uddf1 Polski<\/div>\n\t\t\t\t\t\t\t<\/div>\n\t\t\t<div class=\"elementor-tabs-content-wrapper\" role=\"tablist\" aria-orientation=\"vertical\">\n\t\t\t\t\t\t\t\t\t<div class=\"elementor-tab-title elementor-tab-mobile-title\" aria-selected=\"true\" data-tab=\"1\" role=\"tab\" tabindex=\"0\" aria-controls=\"elementor-tab-content-1541\" aria-expanded=\"false\">\ud83c\uddec\ud83c\udde7 English<\/div>\n\t\t\t\t\t<div id=\"elementor-tab-content-1541\" class=\"elementor-tab-content elementor-clearfix\" data-tab=\"1\" role=\"tabpanel\" aria-labelledby=\"elementor-tab-title-1541\" tabindex=\"0\" hidden=\"false\"><h3><strong>Join our newsletter!<\/strong><\/h3><h5>Sign up to receive the latest updates about our products, industry insights, inspiration, and exclusive offers just for subscribers.<br \/>No spam \u2013 only useful content. You can unsubscribe at any time.<\/h5><p>\t\t<div data-elementor-type=\"section\" data-elementor-id=\"10058\" class=\"elementor elementor-10058\" data-elementor-post-type=\"elementor_library\">\n\t\t\t\t\t<section class=\"elementor-section elementor-top-section elementor-element elementor-element-415b853b elementor-section-boxed elementor-section-height-default elementor-section-height-default\" data-id=\"415b853b\" data-element_type=\"section\" data-e-type=\"section\">\n\t\t\t\t\t\t<div class=\"elementor-container elementor-column-gap-default\">\n\t\t\t\t\t<div class=\"elementor-column elementor-col-100 elementor-top-column elementor-element elementor-element-1d4a181d\" data-id=\"1d4a181d\" data-element_type=\"column\" data-e-type=\"column\" data-settings=\"{&quot;background_background&quot;:&quot;classic&quot;}\">\n\t\t\t<div class=\"elementor-widget-wrap elementor-element-populated\">\n\t\t\t\t\t\t<div class=\"elementor-element elementor-element-4a64f530 elementor-button-align-stretch elementor-widget elementor-widget-form\" data-id=\"4a64f530\" data-element_type=\"widget\" data-e-type=\"widget\" data-settings=\"{&quot;step_next_label&quot;:&quot;Next&quot;,&quot;step_previous_label&quot;:&quot;Previous&quot;,&quot;button_width&quot;:&quot;100&quot;,&quot;step_type&quot;:&quot;number_text&quot;,&quot;step_icon_shape&quot;:&quot;circle&quot;}\" data-widget_type=\"form.default\">\n\t\t\t\t<div class=\"elementor-widget-container\">\n\t\t\t\t\t\t\t<form class=\"elementor-form\" method=\"post\" name=\"New Form\" aria-label=\"New Form\">\n\t\t\t<input type=\"hidden\" name=\"post_id\" value=\"10058\"\/>\n\t\t\t<input type=\"hidden\" name=\"form_id\" value=\"4a64f530\"\/>\n\t\t\t<input type=\"hidden\" name=\"referer_title\" value=\"newsletter\" \/>\n\n\t\t\t\t\t\t\t<input type=\"hidden\" name=\"queried_id\" value=\"9940\"\/>\n\t\t\t\n\t\t\t<div class=\"elementor-form-fields-wrapper elementor-labels-\">\n\t\t\t\t\t\t\t\t<div class=\"elementor-field-type-text elementor-field-group elementor-column elementor-field-group-email elementor-col-100 elementor-field-required\">\n\t\t\t\t\t\t\t\t\t\t\t\t<label for=\"form-field-email\" class=\"elementor-field-label elementor-screen-only\">\n\t\t\t\t\t\t\t\tName\t\t\t\t\t\t\t<\/label>\n\t\t\t\t\t\t\t\t\t\t\t\t\t\t<input size=\"1\" type=\"text\" name=\"form_fields[email]\" id=\"form-field-email\" class=\"elementor-field elementor-size-sm  elementor-field-textual\" placeholder=\"Your Name\" required=\"required\">\n\t\t\t\t\t\t\t\t\t\t\t<\/div>\n\t\t\t\t\t\t\t\t<div class=\"elementor-field-type-email elementor-field-group elementor-column elementor-field-group-e_mail elementor-col-100 elementor-field-required\">\n\t\t\t\t\t\t\t\t\t\t\t\t<label for=\"form-field-e_mail\" class=\"elementor-field-label elementor-screen-only\">\n\t\t\t\t\t\t\t\tEmail Address\t\t\t\t\t\t\t<\/label>\n\t\t\t\t\t\t\t\t\t\t\t\t\t\t<input size=\"1\" type=\"email\" name=\"form_fields[e_mail]\" id=\"form-field-e_mail\" class=\"elementor-field elementor-size-sm  elementor-field-textual\" placeholder=\"Your Email\" required=\"required\">\n\t\t\t\t\t\t\t\t\t\t\t<\/div>\n\t\t\t\t\t\t\t\t<div class=\"elementor-field-type-recaptcha_v3 elementor-field-group elementor-column elementor-field-group-field_9744544 elementor-col-100 recaptcha_v3-bottomright\">\n\t\t\t\t\t<div class=\"elementor-field\" id=\"form-field-field_9744544\"><div class=\"elementor-g-recaptcha\" data-sitekey=\"6Lcu0isqAAAAADWB7nhSYc5Vrg8SIUVwARIQe1K4\" data-type=\"v3\" data-action=\"Form\" data-badge=\"bottomright\" data-size=\"invisible\"><\/div><\/div>\t\t\t\t<\/div>\n\t\t\t\t\t\t\t\t<div class=\"elementor-field-type-hidden elementor-field-group elementor-column elementor-field-group-field_eb8366e elementor-col-100\">\n\t\t\t\t\t\t\t\t\t\t\t\t\t<input size=\"1\" type=\"hidden\" name=\"form_fields[field_eb8366e]\" id=\"form-field-field_eb8366e\" class=\"elementor-field elementor-size-sm  elementor-field-textual\" value=\"English\">\n\t\t\t\t\t\t\t\t\t\t\t<\/div>\n\t\t\t\t\t\t\t\t<div class=\"elementor-field-type-html elementor-field-group elementor-column elementor-field-group-field_9ed32bc elementor-col-100\">\n\t\t\t\t\t<p style=\"color:white\">Consents and GDPR Information<\/p>\t\t\t\t<\/div>\n\t\t\t\t\t\t\t\t<div class=\"elementor-field-type-acceptance elementor-field-group elementor-column elementor-field-group-field_98e36e2 elementor-col-100 elementor-field-required\">\n\t\t\t\t\t\t\t\t\t\t\t\t<label for=\"form-field-field_98e36e2\" class=\"elementor-field-label elementor-screen-only\">\n\t\t\t\t\t\t\t\tPrzetwarzanie danych\t\t\t\t\t\t\t<\/label>\n\t\t\t\t\t\t\t\t<div class=\"elementor-field-subgroup\">\n\t\t\t<span class=\"elementor-field-option\">\n\t\t\t\t<input type=\"checkbox\" name=\"form_fields[field_98e36e2]\" id=\"form-field-field_98e36e2\" class=\"elementor-field elementor-size-sm  elementor-acceptance-field\" required=\"required\">\n\t\t\t\t<label for=\"form-field-field_98e36e2\">I agree to the processing of my personal data by Lauda Central Europe for the purpose of receiving commercial and marketing information by electronic means, including newsletters.<\/label>\t\t\t<\/span>\n\t\t<\/div>\n\t\t\t\t\t\t<\/div>\n\t\t\t\t\t\t\t\t<div class=\"elementor-field-type-acceptance elementor-field-group elementor-column elementor-field-group-field_db81621 elementor-col-100 elementor-field-required\">\n\t\t\t\t\t\t\t\t\t\t\t\t<label for=\"form-field-field_db81621\" class=\"elementor-field-label elementor-screen-only\">\n\t\t\t\t\t\t\t\tPrzetwarzanie danych\t\t\t\t\t\t\t<\/label>\n\t\t\t\t\t\t\t\t<div class=\"elementor-field-subgroup\">\n\t\t\t<span class=\"elementor-field-option\">\n\t\t\t\t<input type=\"checkbox\" name=\"form_fields[field_db81621]\" id=\"form-field-field_db81621\" class=\"elementor-field elementor-size-sm  elementor-acceptance-field\" required=\"required\">\n\t\t\t\t<label for=\"form-field-field_db81621\">I agree to the use of telecommunications end devices and automated calling systems for direct marketing purposes in accordance with Article 172 of the Polish Telecommunications Law.<\/label>\t\t\t<\/span>\n\t\t<\/div>\n\t\t\t\t\t\t<\/div>\n\t\t\t\t\t\t\t\t<div class=\"elementor-field-type-html elementor-field-group elementor-column elementor-field-group-field_bfbc404 elementor-col-100\">\n\t\t\t\t\t<p style=\"color:white;font-size:x-small\">The controller of your personal data is Lauda Central Europe, with its registered office at ul. S\u0142owackiego 81, 80-257 Gda\u0144sk, Poland. Your data will be processed for marketing purposes in accordance with the GDPR. You have the right to access, rectify or delete your data, restrict or object to processing, request data portability, and lodge a complaint with the President of the Personal Data Protection Office.<\/br>\n\nYou may withdraw your consent at any time. You can unsubscribe from the newsletter by clicking the unsubscribe link available in the footer of each message.<\/p>\t\t\t\t<\/div>\n\t\t\t\t\t\t\t\t<div class=\"elementor-field-group elementor-column elementor-field-type-submit elementor-col-100 e-form__buttons\">\n\t\t\t\t\t<button class=\"elementor-button elementor-size-xs\" type=\"submit\">\n\t\t\t\t\t\t<span class=\"elementor-button-content-wrapper\">\n\t\t\t\t\t\t\t\t\t\t\t\t\t\t\t\t\t\t\t\t\t\t<span class=\"elementor-button-text\">I agree to the Privacy Policy &amp; want to  subscribe<\/span>\n\t\t\t\t\t\t\t\t\t\t\t\t\t<\/span>\n\t\t\t\t\t<\/button>\n\t\t\t\t<\/div>\n\t\t\t<\/div>\n\t\t<\/form>\n\t\t\t\t\t\t<\/div>\n\t\t\t\t<\/div>\n\t\t\t\t\t<\/div>\n\t\t<\/div>\n\t\t\t\t\t<\/div>\n\t\t<\/section>\n\t\t\t\t<\/div>\n\t\t<\/p><\/div>\n\t\t\t\t\t\t\t\t\t<div class=\"elementor-tab-title elementor-tab-mobile-title\" aria-selected=\"false\" data-tab=\"2\" role=\"tab\" tabindex=\"-1\" aria-controls=\"elementor-tab-content-1542\" aria-expanded=\"false\">\ud83c\uddf5\ud83c\uddf1 Polski<\/div>\n\t\t\t\t\t<div id=\"elementor-tab-content-1542\" class=\"elementor-tab-content elementor-clearfix\" data-tab=\"2\" role=\"tabpanel\" aria-labelledby=\"elementor-tab-title-1542\" tabindex=\"0\" hidden=\"hidden\"><h3><strong data-start=\"303\" data-end=\"337\">Do\u0142\u0105cz do naszego newslettera!<\/strong><\/h3><h5>Zapisz si\u0119, aby otrzymywa\u0107 najnowsze informacje o naszych produktach, inspiracje, aktualno\u015bci bran\u017cowe oraz ekskluzywne oferty tylko dla subskrybent\u00f3w.<br data-start=\"493\" data-end=\"496\" \/>Nie wysy\u0142amy spamu \u2013 tylko warto\u015bciowe tre\u015bci. W ka\u017cdej chwili mo\u017cesz si\u0119 wypisa\u0107.<\/h5><p>\t\t<div data-elementor-type=\"section\" data-elementor-id=\"10087\" class=\"elementor elementor-10087\" data-elementor-post-type=\"elementor_library\">\n\t\t\t\t\t<section class=\"elementor-section elementor-top-section elementor-element elementor-element-415b853b elementor-section-boxed elementor-section-height-default elementor-section-height-default\" data-id=\"415b853b\" data-element_type=\"section\" data-e-type=\"section\">\n\t\t\t\t\t\t<div class=\"elementor-container elementor-column-gap-default\">\n\t\t\t\t\t<div class=\"elementor-column elementor-col-100 elementor-top-column elementor-element elementor-element-1d4a181d\" data-id=\"1d4a181d\" data-element_type=\"column\" data-e-type=\"column\" data-settings=\"{&quot;background_background&quot;:&quot;classic&quot;}\">\n\t\t\t<div class=\"elementor-widget-wrap elementor-element-populated\">\n\t\t\t\t\t\t<div class=\"elementor-element elementor-element-4a64f530 elementor-button-align-stretch elementor-widget elementor-widget-form\" data-id=\"4a64f530\" data-element_type=\"widget\" data-e-type=\"widget\" data-settings=\"{&quot;step_next_label&quot;:&quot;Next&quot;,&quot;step_previous_label&quot;:&quot;Previous&quot;,&quot;button_width&quot;:&quot;100&quot;,&quot;step_type&quot;:&quot;number_text&quot;,&quot;step_icon_shape&quot;:&quot;circle&quot;}\" data-widget_type=\"form.default\">\n\t\t\t\t<div class=\"elementor-widget-container\">\n\t\t\t\t\t\t\t<form class=\"elementor-form\" method=\"post\" name=\"Newsletter PL\" aria-label=\"Newsletter PL\">\n\t\t\t<input type=\"hidden\" name=\"post_id\" value=\"10087\"\/>\n\t\t\t<input type=\"hidden\" name=\"form_id\" value=\"4a64f530\"\/>\n\t\t\t<input type=\"hidden\" name=\"referer_title\" value=\"recordarrow\" \/>\n\n\t\t\t\t\t\t\t<input type=\"hidden\" name=\"queried_id\" value=\"9975\"\/>\n\t\t\t\n\t\t\t<div class=\"elementor-form-fields-wrapper elementor-labels-\">\n\t\t\t\t\t\t\t\t<div class=\"elementor-field-type-text elementor-field-group elementor-column elementor-field-group-email elementor-col-100 elementor-field-required\">\n\t\t\t\t\t\t\t\t\t\t\t\t<label for=\"form-field-email\" class=\"elementor-field-label elementor-screen-only\">\n\t\t\t\t\t\t\t\tImi\u0119\t\t\t\t\t\t\t<\/label>\n\t\t\t\t\t\t\t\t\t\t\t\t\t\t<input size=\"1\" type=\"text\" name=\"form_fields[email]\" id=\"form-field-email\" class=\"elementor-field elementor-size-sm  elementor-field-textual\" placeholder=\"Twoje imi\u0119\" required=\"required\">\n\t\t\t\t\t\t\t\t\t\t\t<\/div>\n\t\t\t\t\t\t\t\t<div class=\"elementor-field-type-email elementor-field-group elementor-column elementor-field-group-email2 elementor-col-100 elementor-field-required\">\n\t\t\t\t\t\t\t\t\t\t\t\t<label for=\"form-field-email2\" class=\"elementor-field-label elementor-screen-only\">\n\t\t\t\t\t\t\t\tEmail Address\t\t\t\t\t\t\t<\/label>\n\t\t\t\t\t\t\t\t\t\t\t\t\t\t<input size=\"1\" type=\"email\" name=\"form_fields[email2]\" id=\"form-field-email2\" class=\"elementor-field elementor-size-sm  elementor-field-textual\" placeholder=\"Tw\u00f3j email\" required=\"required\">\n\t\t\t\t\t\t\t\t\t\t\t<\/div>\n\t\t\t\t\t\t\t\t<div class=\"elementor-field-type-recaptcha_v3 elementor-field-group elementor-column elementor-field-group-field_9744544 elementor-col-100 recaptcha_v3-bottomright\">\n\t\t\t\t\t<div class=\"elementor-field\" id=\"form-field-field_9744544\"><div class=\"elementor-g-recaptcha\" data-sitekey=\"6Lcu0isqAAAAADWB7nhSYc5Vrg8SIUVwARIQe1K4\" data-type=\"v3\" data-action=\"Form\" data-badge=\"bottomright\" data-size=\"invisible\"><\/div><\/div>\t\t\t\t<\/div>\n\t\t\t\t\t\t\t\t<div class=\"elementor-field-type-hidden elementor-field-group elementor-column elementor-field-group-field_eb8366e elementor-col-100\">\n\t\t\t\t\t\t\t\t\t\t\t\t\t<input size=\"1\" type=\"hidden\" name=\"form_fields[field_eb8366e]\" id=\"form-field-field_eb8366e\" class=\"elementor-field elementor-size-sm  elementor-field-textual\" value=\"Polish\">\n\t\t\t\t\t\t\t\t\t\t\t<\/div>\n\t\t\t\t\t\t\t\t<div class=\"elementor-field-type-html elementor-field-group elementor-column elementor-field-group-field_9ed32bc elementor-col-100\">\n\t\t\t\t\t<p style=\"color:white\">Zgody i obowi\u0105zek informacyjny<\/p>\t\t\t\t<\/div>\n\t\t\t\t\t\t\t\t<div class=\"elementor-field-type-acceptance elementor-field-group elementor-column elementor-field-group-field_98e36e2 elementor-col-100 elementor-field-required\">\n\t\t\t\t\t\t\t\t\t\t\t\t<label for=\"form-field-field_98e36e2\" class=\"elementor-field-label elementor-screen-only\">\n\t\t\t\t\t\t\t\tPrzetwarzanie danych\t\t\t\t\t\t\t<\/label>\n\t\t\t\t\t\t\t\t<div class=\"elementor-field-subgroup\">\n\t\t\t<span class=\"elementor-field-option\">\n\t\t\t\t<input type=\"checkbox\" name=\"form_fields[field_98e36e2]\" id=\"form-field-field_98e36e2\" class=\"elementor-field elementor-size-sm  elementor-acceptance-field\" required=\"required\">\n\t\t\t\t<label for=\"form-field-field_98e36e2\">Wyra\u017cam zgod\u0119 na przetwarzanie moich danych osobowych przez Lauda Central Europe w celu przesy\u0142ania informacji handlowych i marketingowych drog\u0105 elektroniczn\u0105, w tym newslettera.\n<\/label>\t\t\t<\/span>\n\t\t<\/div>\n\t\t\t\t\t\t<\/div>\n\t\t\t\t\t\t\t\t<div class=\"elementor-field-type-acceptance elementor-field-group elementor-column elementor-field-group-field_db81621 elementor-col-100 elementor-field-required\">\n\t\t\t\t\t\t\t\t\t\t\t\t<label for=\"form-field-field_db81621\" class=\"elementor-field-label elementor-screen-only\">\n\t\t\t\t\t\t\t\tPrzetwarzanie danych\t\t\t\t\t\t\t<\/label>\n\t\t\t\t\t\t\t\t<div class=\"elementor-field-subgroup\">\n\t\t\t<span class=\"elementor-field-option\">\n\t\t\t\t<input type=\"checkbox\" name=\"form_fields[field_db81621]\" id=\"form-field-field_db81621\" class=\"elementor-field elementor-size-sm  elementor-acceptance-field\" required=\"required\">\n\t\t\t\t<label for=\"form-field-field_db81621\">Wyra\u017cam zgod\u0119 na u\u017cywanie telekomunikacyjnych urz\u0105dze\u0144 ko\u0144cowych i automatycznych system\u00f3w wywo\u0142uj\u0105cych dla cel\u00f3w marketingu bezpo\u015bredniego zgodnie z art. 172 ustawy Prawo telekomunikacyjne.<\/label>\t\t\t<\/span>\n\t\t<\/div>\n\t\t\t\t\t\t<\/div>\n\t\t\t\t\t\t\t\t<div class=\"elementor-field-type-html elementor-field-group elementor-column elementor-field-group-field_bfbc404 elementor-col-100\">\n\t\t\t\t\t<p style=\"color:white;font-size:x-small\">Administratorem danych osobowych jest Lauda Central Europe z siedzib\u0105 przy ul. S\u0142owackiego 81, 80-257 Gda\u0144sk, Polska. Dane b\u0119d\u0105 przetwarzane w celach marketingowych zgodnie z RODO. Masz prawo dost\u0119pu do swoich danych, ich sprostowania, usuni\u0119cia, ograniczenia przetwarzania, przenoszenia, wniesienia sprzeciwu oraz z\u0142o\u017cenia skargi do Prezesa UODO.\n\nUdzielone zgody mo\u017cesz w ka\u017cdej chwili wycofa\u0107, a rezygnacja z newslettera mo\u017cliwa jest poprzez klikni\u0119cie odpowiedniego linku w stopce ka\u017cdej wiadomo\u015bci.<\/p>\t\t\t\t<\/div>\n\t\t\t\t\t\t\t\t<div class=\"elementor-field-group elementor-column elementor-field-type-submit elementor-col-100 e-form__buttons\">\n\t\t\t\t\t<button class=\"elementor-button elementor-size-xs\" type=\"submit\">\n\t\t\t\t\t\t<span class=\"elementor-button-content-wrapper\">\n\t\t\t\t\t\t\t\t\t\t\t\t\t\t\t\t\t\t\t\t\t\t<span class=\"elementor-button-text\">Subskrybuj\u0119 newsletter<\/span>\n\t\t\t\t\t\t\t\t\t\t\t\t\t<\/span>\n\t\t\t\t\t<\/button>\n\t\t\t\t<\/div>\n\t\t\t<\/div>\n\t\t<\/form>\n\t\t\t\t\t\t<\/div>\n\t\t\t\t<\/div>\n\t\t\t\t\t<\/div>\n\t\t<\/div>\n\t\t\t\t\t<\/div>\n\t\t<\/section>\n\t\t\t\t<\/div>\n\t\t<\/p><\/div>\n\t\t\t\t\t\t\t<\/div>\n\t\t<\/div>\n\t\t\t\t\t\t<\/div>\n\t\t\t\t<\/div>\n\t\t\t\t\t<\/div>\n\t\t<\/div>\n\t\t\t\t\t<\/div>\n\t\t<\/section>\n\t\t\t\t<\/div>\n\t\t","protected":false},"excerpt":{"rendered":"<p>Newsletter &#x1f1ec;&#x1f1e7; English &#x1f1f5;&#x1f1f1; Polski &#x1f1ec;&#x1f1e7; English Join our newsletter! Sign up to receive the latest updates about our products, industry insights, inspiration, and exclusive offers just for subscribers.No spam \u2013 only useful content. You can unsubscribe at any time. Name Email Address Consents and GDPR Information Przetwarzanie danych I agree to the processing of [&hellip;]<\/p>\n","protected":false},"author":1,"featured_media":0,"parent":0,"menu_order":0,"comment_status":"closed","ping_status":"closed","template":"","meta":{"footnotes":""},"class_list":["post-9940","page","type-page","status-publish","hentry"],"_links":{"self":[{"href":"https:\/\/arrowguitars.com\/pl\/wp-json\/wp\/v2\/pages\/9940","targetHints":{"allow":["GET"]}}],"collection":[{"href":"https:\/\/arrowguitars.com\/pl\/wp-json\/wp\/v2\/pages"}],"about":[{"href":"https:\/\/arrowguitars.com\/pl\/wp-json\/wp\/v2\/types\/page"}],"author":[{"embeddable":true,"href":"https:\/\/arrowguitars.com\/pl\/wp-json\/wp\/v2\/users\/1"}],"replies":[{"embeddable":true,"href":"https:\/\/arrowguitars.com\/pl\/wp-json\/wp\/v2\/comments?post=9940"}],"version-history":[{"count":160,"href":"https:\/\/arrowguitars.com\/pl\/wp-json\/wp\/v2\/pages\/9940\/revisions"}],"predecessor-version":[{"id":12256,"href":"https:\/\/arrowguitars.com\/pl\/wp-json\/wp\/v2\/pages\/9940\/revisions\/12256"}],"wp:attachment":[{"href":"https:\/\/arrowguitars.com\/pl\/wp-json\/wp\/v2\/media?parent=9940"}],"curies":[{"name":"wp","href":"https:\/\/api.w.org\/{rel}","templated":true}]}}