{"id":9995,"date":"2025-04-24T11:37:41","date_gmt":"2025-04-24T09:37:41","guid":{"rendered":"https:\/\/arrowguitars.com\/?page_id=9995"},"modified":"2025-04-30T18:18:12","modified_gmt":"2025-04-30T16:18:12","slug":"promo","status":"publish","type":"page","link":"https:\/\/arrowguitars.com\/pl\/promo\/","title":{"rendered":"promocja"},"content":{"rendered":"<div data-elementor-type=\"wp-page\" data-elementor-id=\"9995\" class=\"elementor elementor-9995\" data-elementor-post-type=\"page\">\n\t\t\t\t\t\t<section class=\"elementor-section elementor-top-section elementor-element elementor-element-97fdad8 elementor-section-boxed elementor-section-height-default elementor-section-height-default\" data-id=\"97fdad8\" data-element_type=\"section\" data-e-type=\"section\" data-settings=\"{&quot;background_background&quot;:&quot;classic&quot;}\">\n\t\t\t\t\t\t<div class=\"elementor-container elementor-column-gap-default\">\n\t\t\t\t\t<div class=\"elementor-column elementor-col-100 elementor-top-column elementor-element elementor-element-2388d10\" data-id=\"2388d10\" data-element_type=\"column\" data-e-type=\"column\">\n\t\t\t<div class=\"elementor-widget-wrap elementor-element-populated\">\n\t\t\t\t\t\t<section class=\"elementor-section elementor-inner-section elementor-element elementor-element-99b2d05 elementor-section-content-space-between elementor-section-full_width elementor-section-height-default elementor-section-height-default\" data-id=\"99b2d05\" data-element_type=\"section\" data-e-type=\"section\">\n\t\t\t\t\t\t<div class=\"elementor-container elementor-column-gap-default\">\n\t\t\t\t\t<div class=\"elementor-column elementor-col-100 elementor-inner-column elementor-element elementor-element-6718764\" data-id=\"6718764\" data-element_type=\"column\" data-e-type=\"column\">\n\t\t\t<div class=\"elementor-widget-wrap\">\n\t\t\t\t\t\t\t<\/div>\n\t\t<\/div>\n\t\t\t\t\t<\/div>\n\t\t<\/section>\n\t\t\t\t<div class=\"elementor-element elementor-element-d19460b elementor-widget elementor-widget-html\" data-id=\"d19460b\" data-element_type=\"widget\" data-e-type=\"widget\" data-widget_type=\"html.default\">\n\t\t\t\t<div class=\"elementor-widget-container\">\n\t\t\t\t\t<style>\r\n@media (max-width: 767px) {\r\n  #moje-zakladki .elementor-tabs-wrapper {\r\n    display: flex !important;\r\n    flex-direction: row !important;\r\n    flex-wrap: wrap;\r\n    justify-content: center;\r\n  }\r\n\r\n  #moje-zakladki .elementor-tab-title {\r\n    width: auto !important;\r\n    flex: 1 1 auto;\r\n    text-align: center;\r\n    white-space: nowrap;\r\n    margin: 2px;\r\n  }\r\n\r\n  #1moje-zakladki .elementor-tabs {\r\n    display: flex !important;\r\n    flex-direction: column;\r\n  }\r\n}\r\n\r\n@media (max-width: 767px) {\r\n  #moje-zakladki .elementor-tab-title.elementor-active {\r\n    display: none !important;\r\n  }\r\n}\r\n\r\n  #moje-zakladki .elementor-tab-title.elementor-tab-mobile-title {\r\n    display: none !important;\r\n  }\r\n\r\n\r\n\r\n\r\n<\/style>\r\n\t\t\t\t<\/div>\n\t\t\t\t<\/div>\n\t\t\t\t<div class=\"elementor-element elementor-element-859e343 elementor-widget-mobile__width-inherit elementor-tabs-view-horizontal elementor-widget elementor-widget-tabs\" data-id=\"859e343\" data-element_type=\"widget\" data-e-type=\"widget\" id=\"moje-zakladki\" data-widget_type=\"tabs.default\">\n\t\t\t\t<div class=\"elementor-widget-container\">\n\t\t\t\t\t\t\t<div class=\"elementor-tabs\">\n\t\t\t<div class=\"elementor-tabs-wrapper\" role=\"tablist\" >\n\t\t\t\t\t\t\t\t\t<div id=\"elementor-tab-title-1401\" class=\"elementor-tab-title elementor-tab-desktop-title\" aria-selected=\"true\" data-tab=\"1\" role=\"tab\" tabindex=\"0\" aria-controls=\"elementor-tab-content-1401\" aria-expanded=\"false\">\ud83c\uddf5\ud83c\uddf1 Polski<\/div>\n\t\t\t\t\t\t\t\t\t<div id=\"elementor-tab-title-1402\" class=\"elementor-tab-title elementor-tab-desktop-title\" aria-selected=\"false\" data-tab=\"2\" role=\"tab\" tabindex=\"-1\" aria-controls=\"elementor-tab-content-1402\" aria-expanded=\"false\">\ud83c\uddec\ud83c\udde7 English<\/div>\n\t\t\t\t\t\t\t<\/div>\n\t\t\t<div class=\"elementor-tabs-content-wrapper\" role=\"tablist\" aria-orientation=\"vertical\">\n\t\t\t\t\t\t\t\t\t<div class=\"elementor-tab-title elementor-tab-mobile-title\" aria-selected=\"true\" data-tab=\"1\" role=\"tab\" tabindex=\"0\" aria-controls=\"elementor-tab-content-1401\" aria-expanded=\"false\">\ud83c\uddf5\ud83c\uddf1 Polski<\/div>\n\t\t\t\t\t<div id=\"elementor-tab-content-1401\" class=\"elementor-tab-content elementor-clearfix\" data-tab=\"1\" role=\"tabpanel\" aria-labelledby=\"elementor-tab-title-1401\" tabindex=\"0\" hidden=\"false\"><h3><span style=\"font-weight: 400;\">Odbierz zni\u017ck\u0119 na wybrany produkt Arrow!<\/span><\/h3><h5>Z kodem <span style=\"color: #ff0000;\"><strong>RECORDARROW<\/strong><\/span> Mo\u017cesz kupi\u0107 wybrany produkt Arrow Guitars 5% taniej. Kod jest wa\u017cny do 31 lipca 2025.<br \/>Lista sklep\u00f3w, kt\u00f3re bior\u0105 udzia\u0142 w akcji:<\/h5><p>\t\t<div data-elementor-type=\"section\" data-elementor-id=\"10605\" class=\"elementor elementor-10605\" data-elementor-post-type=\"elementor_library\">\n\t\t\t\t\t<section class=\"elementor-section elementor-top-section elementor-element elementor-element-15b105fb elementor-section-boxed elementor-section-height-default elementor-section-height-default\" data-id=\"15b105fb\" data-element_type=\"section\" data-e-type=\"section\" data-settings=\"{&quot;background_background&quot;:&quot;classic&quot;}\">\n\t\t\t\t\t\t<div class=\"elementor-container elementor-column-gap-default\">\n\t\t\t\t\t<div class=\"elementor-column elementor-col-100 elementor-top-column elementor-element elementor-element-7fa92788\" data-id=\"7fa92788\" data-element_type=\"column\" data-e-type=\"column\">\n\t\t\t<div class=\"elementor-widget-wrap elementor-element-populated\">\n\t\t\t\t\t\t<section class=\"elementor-section elementor-inner-section elementor-element elementor-element-4387560e elementor-section-boxed elementor-section-height-default elementor-section-height-default\" data-id=\"4387560e\" data-element_type=\"section\" data-e-type=\"section\">\n\t\t\t\t\t\t<div class=\"elementor-container elementor-column-gap-default\">\n\t\t\t\t\t<div class=\"elementor-column elementor-col-20 elementor-inner-column elementor-element elementor-element-5d1a9c6d\" data-id=\"5d1a9c6d\" data-element_type=\"column\" data-e-type=\"column\">\n\t\t\t<div class=\"elementor-widget-wrap elementor-element-populated\">\n\t\t\t\t\t\t<div class=\"elementor-element elementor-element-1490b6e5 elementor-widget elementor-widget-image\" data-id=\"1490b6e5\" data-element_type=\"widget\" data-e-type=\"widget\" data-widget_type=\"image.default\">\n\t\t\t\t<div class=\"elementor-widget-container\">\n\t\t\t\t\t\t\t\t\t\t\t\t\t\t\t\t<a href=\"https:\/\/rnr.pl\/pl\/client-rebate.html\">\n\t\t\t\t\t\t\t<img fetchpriority=\"high\" decoding=\"async\" width=\"800\" height=\"800\" src=\"https:\/\/arrowguitars.com\/wp-content\/uploads\/2025\/04\/rnr.jpg\" class=\"attachment-large size-large wp-image-10535 wvs-archive-product-image\" alt=\"\" srcset=\"https:\/\/arrowguitars.com\/wp-content\/uploads\/2025\/04\/rnr.jpg 850w, https:\/\/arrowguitars.com\/wp-content\/uploads\/2025\/04\/rnr-300x300.jpg 300w, https:\/\/arrowguitars.com\/wp-content\/uploads\/2025\/04\/rnr-150x150.jpg 150w, https:\/\/arrowguitars.com\/wp-content\/uploads\/2025\/04\/rnr-768x768.jpg 768w, https:\/\/arrowguitars.com\/wp-content\/uploads\/2025\/04\/rnr-12x12.jpg 12w, https:\/\/arrowguitars.com\/wp-content\/uploads\/2025\/04\/rnr-600x600.jpg 600w, https:\/\/arrowguitars.com\/wp-content\/uploads\/2025\/04\/rnr-100x100.jpg 100w, https:\/\/arrowguitars.com\/wp-content\/uploads\/2025\/04\/rnr-50x50.jpg 50w, https:\/\/arrowguitars.com\/wp-content\/uploads\/2025\/04\/rnr-64x64.jpg 64w\" sizes=\"(max-width: 800px) 100vw, 800px\" \/>\t\t\t\t\t\t\t\t<\/a>\n\t\t\t\t\t\t\t\t\t\t\t\t\t\t\t<\/div>\n\t\t\t\t<\/div>\n\t\t\t\t<div class=\"elementor-element elementor-element-5c764e78 elementor-widget elementor-widget-text-editor\" data-id=\"5c764e78\" data-element_type=\"widget\" data-e-type=\"widget\" data-widget_type=\"text-editor.default\">\n\t\t\t\t<div class=\"elementor-widget-container\">\n\t\t\t\t\t\t\t\t\t<p><span data-sheets-root=\"1\">RNR (PL)<\/span><\/p>\t\t\t\t\t\t\t\t<\/div>\n\t\t\t\t<\/div>\n\t\t\t\t\t<\/div>\n\t\t<\/div>\n\t\t\t\t<div class=\"elementor-column elementor-col-20 elementor-inner-column elementor-element elementor-element-5d1f0e85\" data-id=\"5d1f0e85\" data-element_type=\"column\" data-e-type=\"column\">\n\t\t\t<div class=\"elementor-widget-wrap elementor-element-populated\">\n\t\t\t\t\t\t<div class=\"elementor-element elementor-element-77555889 elementor-widget elementor-widget-image\" data-id=\"77555889\" data-element_type=\"widget\" data-e-type=\"widget\" data-widget_type=\"image.default\">\n\t\t\t\t<div class=\"elementor-widget-container\">\n\t\t\t\t\t\t\t\t\t\t\t\t\t\t\t\t<a href=\"https:\/\/abixmusic.pl\/\">\n\t\t\t\t\t\t\t<img decoding=\"async\" width=\"800\" height=\"800\" src=\"https:\/\/arrowguitars.com\/wp-content\/uploads\/2025\/04\/abix_wynik.jpg\" class=\"attachment-large size-large wp-image-10386 wvs-archive-product-image\" alt=\"\" srcset=\"https:\/\/arrowguitars.com\/wp-content\/uploads\/2025\/04\/abix_wynik.jpg 850w, https:\/\/arrowguitars.com\/wp-content\/uploads\/2025\/04\/abix_wynik-300x300.jpg 300w, https:\/\/arrowguitars.com\/wp-content\/uploads\/2025\/04\/abix_wynik-150x150.jpg 150w, https:\/\/arrowguitars.com\/wp-content\/uploads\/2025\/04\/abix_wynik-768x768.jpg 768w, https:\/\/arrowguitars.com\/wp-content\/uploads\/2025\/04\/abix_wynik-12x12.jpg 12w, https:\/\/arrowguitars.com\/wp-content\/uploads\/2025\/04\/abix_wynik-600x600.jpg 600w, https:\/\/arrowguitars.com\/wp-content\/uploads\/2025\/04\/abix_wynik-100x100.jpg 100w, https:\/\/arrowguitars.com\/wp-content\/uploads\/2025\/04\/abix_wynik-50x50.jpg 50w, https:\/\/arrowguitars.com\/wp-content\/uploads\/2025\/04\/abix_wynik-64x64.jpg 64w\" sizes=\"(max-width: 800px) 100vw, 800px\" \/>\t\t\t\t\t\t\t\t<\/a>\n\t\t\t\t\t\t\t\t\t\t\t\t\t\t\t<\/div>\n\t\t\t\t<\/div>\n\t\t\t\t<div class=\"elementor-element elementor-element-634d1514 elementor-widget elementor-widget-text-editor\" data-id=\"634d1514\" data-element_type=\"widget\" data-e-type=\"widget\" data-widget_type=\"text-editor.default\">\n\t\t\t\t<div class=\"elementor-widget-container\">\n\t\t\t\t\t\t\t\t\t<p>ABIX OLKUSZ (PL)<\/p>\t\t\t\t\t\t\t\t<\/div>\n\t\t\t\t<\/div>\n\t\t\t\t\t<\/div>\n\t\t<\/div>\n\t\t\t\t<div class=\"elementor-column elementor-col-20 elementor-inner-column elementor-element elementor-element-4616bb33\" data-id=\"4616bb33\" data-element_type=\"column\" data-e-type=\"column\">\n\t\t\t<div class=\"elementor-widget-wrap elementor-element-populated\">\n\t\t\t\t\t\t<div class=\"elementor-element elementor-element-6efe664c elementor-widget elementor-widget-image\" data-id=\"6efe664c\" data-element_type=\"widget\" data-e-type=\"widget\" data-widget_type=\"image.default\">\n\t\t\t\t<div class=\"elementor-widget-container\">\n\t\t\t\t\t\t\t\t\t\t\t\t\t\t\t\t<a href=\"https:\/\/accordszczecinek.pl\/sklep-muzyczny\/\">\n\t\t\t\t\t\t\t<img decoding=\"async\" width=\"800\" height=\"800\" src=\"https:\/\/arrowguitars.com\/wp-content\/uploads\/2025\/04\/accord.jpg\" class=\"attachment-large size-large wp-image-10387 wvs-archive-product-image\" alt=\"\" srcset=\"https:\/\/arrowguitars.com\/wp-content\/uploads\/2025\/04\/accord.jpg 850w, https:\/\/arrowguitars.com\/wp-content\/uploads\/2025\/04\/accord-300x300.jpg 300w, https:\/\/arrowguitars.com\/wp-content\/uploads\/2025\/04\/accord-150x150.jpg 150w, https:\/\/arrowguitars.com\/wp-content\/uploads\/2025\/04\/accord-768x768.jpg 768w, https:\/\/arrowguitars.com\/wp-content\/uploads\/2025\/04\/accord-12x12.jpg 12w, https:\/\/arrowguitars.com\/wp-content\/uploads\/2025\/04\/accord-600x600.jpg 600w, https:\/\/arrowguitars.com\/wp-content\/uploads\/2025\/04\/accord-100x100.jpg 100w, https:\/\/arrowguitars.com\/wp-content\/uploads\/2025\/04\/accord-50x50.jpg 50w, https:\/\/arrowguitars.com\/wp-content\/uploads\/2025\/04\/accord-64x64.jpg 64w\" sizes=\"(max-width: 800px) 100vw, 800px\" \/>\t\t\t\t\t\t\t\t<\/a>\n\t\t\t\t\t\t\t\t\t\t\t\t\t\t\t<\/div>\n\t\t\t\t<\/div>\n\t\t\t\t<div class=\"elementor-element elementor-element-7e3451c4 elementor-widget elementor-widget-text-editor\" data-id=\"7e3451c4\" data-element_type=\"widget\" data-e-type=\"widget\" data-widget_type=\"text-editor.default\">\n\t\t\t\t<div class=\"elementor-widget-container\">\n\t\t\t\t\t\t\t\t\t<p><span data-sheets-root=\"1\">ACCORD SZCZECINEK (PL)<\/span><\/p>\t\t\t\t\t\t\t\t<\/div>\n\t\t\t\t<\/div>\n\t\t\t\t\t<\/div>\n\t\t<\/div>\n\t\t\t\t<div class=\"elementor-column elementor-col-20 elementor-inner-column elementor-element elementor-element-6c310e8\" data-id=\"6c310e8\" data-element_type=\"column\" data-e-type=\"column\">\n\t\t\t<div class=\"elementor-widget-wrap elementor-element-populated\">\n\t\t\t\t\t\t<div class=\"elementor-element elementor-element-a8997c1 elementor-widget elementor-widget-image\" data-id=\"a8997c1\" data-element_type=\"widget\" data-e-type=\"widget\" data-widget_type=\"image.default\">\n\t\t\t\t<div class=\"elementor-widget-container\">\n\t\t\t\t\t\t\t\t\t\t\t\t\t\t\t\t<a href=\"https:\/\/www.sklepmuzycznydemo.pl\/\">\n\t\t\t\t\t\t\t<img loading=\"lazy\" decoding=\"async\" width=\"800\" height=\"800\" src=\"https:\/\/arrowguitars.com\/wp-content\/uploads\/2025\/04\/demo_wynik.jpg\" class=\"attachment-large size-large wp-image-10388 wvs-archive-product-image\" alt=\"\" srcset=\"https:\/\/arrowguitars.com\/wp-content\/uploads\/2025\/04\/demo_wynik.jpg 850w, https:\/\/arrowguitars.com\/wp-content\/uploads\/2025\/04\/demo_wynik-300x300.jpg 300w, https:\/\/arrowguitars.com\/wp-content\/uploads\/2025\/04\/demo_wynik-150x150.jpg 150w, https:\/\/arrowguitars.com\/wp-content\/uploads\/2025\/04\/demo_wynik-768x768.jpg 768w, https:\/\/arrowguitars.com\/wp-content\/uploads\/2025\/04\/demo_wynik-12x12.jpg 12w, https:\/\/arrowguitars.com\/wp-content\/uploads\/2025\/04\/demo_wynik-600x600.jpg 600w, https:\/\/arrowguitars.com\/wp-content\/uploads\/2025\/04\/demo_wynik-100x100.jpg 100w, https:\/\/arrowguitars.com\/wp-content\/uploads\/2025\/04\/demo_wynik-50x50.jpg 50w, https:\/\/arrowguitars.com\/wp-content\/uploads\/2025\/04\/demo_wynik-64x64.jpg 64w\" sizes=\"(max-width: 800px) 100vw, 800px\" \/>\t\t\t\t\t\t\t\t<\/a>\n\t\t\t\t\t\t\t\t\t\t\t\t\t\t\t<\/div>\n\t\t\t\t<\/div>\n\t\t\t\t<div class=\"elementor-element elementor-element-35c7869a elementor-widget elementor-widget-text-editor\" data-id=\"35c7869a\" data-element_type=\"widget\" data-e-type=\"widget\" data-widget_type=\"text-editor.default\">\n\t\t\t\t<div class=\"elementor-widget-container\">\n\t\t\t\t\t\t\t\t\t<p><span data-sheets-root=\"1\">DEMO (PL)<\/span><\/p>\t\t\t\t\t\t\t\t<\/div>\n\t\t\t\t<\/div>\n\t\t\t\t\t<\/div>\n\t\t<\/div>\n\t\t\t\t<div class=\"elementor-column elementor-col-20 elementor-inner-column elementor-element elementor-element-13f1f4ce\" data-id=\"13f1f4ce\" data-element_type=\"column\" data-e-type=\"column\">\n\t\t\t<div class=\"elementor-widget-wrap elementor-element-populated\">\n\t\t\t\t\t\t<div class=\"elementor-element elementor-element-65db4518 elementor-widget elementor-widget-image\" data-id=\"65db4518\" data-element_type=\"widget\" data-e-type=\"widget\" data-widget_type=\"image.default\">\n\t\t\t\t<div class=\"elementor-widget-container\">\n\t\t\t\t\t\t\t\t\t\t\t\t\t\t\t\t<a href=\"https:\/\/guitarcenter.pl\/catalog\/\">\n\t\t\t\t\t\t\t<img loading=\"lazy\" decoding=\"async\" width=\"800\" height=\"800\" src=\"https:\/\/arrowguitars.com\/wp-content\/uploads\/2025\/04\/guitarcenter.jpg\" class=\"attachment-large size-large wp-image-10540 wvs-archive-product-image\" alt=\"\" srcset=\"https:\/\/arrowguitars.com\/wp-content\/uploads\/2025\/04\/guitarcenter.jpg 850w, https:\/\/arrowguitars.com\/wp-content\/uploads\/2025\/04\/guitarcenter-300x300.jpg 300w, https:\/\/arrowguitars.com\/wp-content\/uploads\/2025\/04\/guitarcenter-150x150.jpg 150w, https:\/\/arrowguitars.com\/wp-content\/uploads\/2025\/04\/guitarcenter-768x768.jpg 768w, https:\/\/arrowguitars.com\/wp-content\/uploads\/2025\/04\/guitarcenter-12x12.jpg 12w, https:\/\/arrowguitars.com\/wp-content\/uploads\/2025\/04\/guitarcenter-600x600.jpg 600w, https:\/\/arrowguitars.com\/wp-content\/uploads\/2025\/04\/guitarcenter-100x100.jpg 100w, https:\/\/arrowguitars.com\/wp-content\/uploads\/2025\/04\/guitarcenter-50x50.jpg 50w, https:\/\/arrowguitars.com\/wp-content\/uploads\/2025\/04\/guitarcenter-64x64.jpg 64w\" sizes=\"(max-width: 800px) 100vw, 800px\" \/>\t\t\t\t\t\t\t\t<\/a>\n\t\t\t\t\t\t\t\t\t\t\t\t\t\t\t<\/div>\n\t\t\t\t<\/div>\n\t\t\t\t<div class=\"elementor-element elementor-element-73999e58 elementor-widget elementor-widget-text-editor\" data-id=\"73999e58\" data-element_type=\"widget\" data-e-type=\"widget\" data-widget_type=\"text-editor.default\">\n\t\t\t\t<div class=\"elementor-widget-container\">\n\t\t\t\t\t\t\t\t\t<p><span data-sheets-root=\"1\">CENTRUM GITAROWE (PL)<\/span><\/p>\t\t\t\t\t\t\t\t<\/div>\n\t\t\t\t<\/div>\n\t\t\t\t\t<\/div>\n\t\t<\/div>\n\t\t\t\t\t<\/div>\n\t\t<\/section>\n\t\t\t\t<section class=\"elementor-section elementor-inner-section elementor-element elementor-element-3f28aaf2 elementor-section-boxed elementor-section-height-default elementor-section-height-default\" data-id=\"3f28aaf2\" data-element_type=\"section\" data-e-type=\"section\">\n\t\t\t\t\t\t<div class=\"elementor-container elementor-column-gap-default\">\n\t\t\t\t\t<div class=\"elementor-column elementor-col-20 elementor-inner-column elementor-element elementor-element-2ec4fd6f\" data-id=\"2ec4fd6f\" data-element_type=\"column\" data-e-type=\"column\">\n\t\t\t<div class=\"elementor-widget-wrap elementor-element-populated\">\n\t\t\t\t\t\t<div class=\"elementor-element elementor-element-32a352e6 elementor-widget elementor-widget-image\" data-id=\"32a352e6\" data-element_type=\"widget\" data-e-type=\"widget\" data-widget_type=\"image.default\">\n\t\t\t\t<div class=\"elementor-widget-container\">\n\t\t\t\t\t\t\t\t\t\t\t\t\t\t\t\t<a href=\"https:\/\/midi.pl\/\">\n\t\t\t\t\t\t\t<img loading=\"lazy\" decoding=\"async\" width=\"800\" height=\"800\" src=\"https:\/\/arrowguitars.com\/wp-content\/uploads\/2025\/04\/midi-logo_wynik2.jpg\" class=\"attachment-large size-large wp-image-10390 wvs-archive-product-image\" alt=\"\" srcset=\"https:\/\/arrowguitars.com\/wp-content\/uploads\/2025\/04\/midi-logo_wynik2.jpg 850w, https:\/\/arrowguitars.com\/wp-content\/uploads\/2025\/04\/midi-logo_wynik2-300x300.jpg 300w, https:\/\/arrowguitars.com\/wp-content\/uploads\/2025\/04\/midi-logo_wynik2-150x150.jpg 150w, https:\/\/arrowguitars.com\/wp-content\/uploads\/2025\/04\/midi-logo_wynik2-768x768.jpg 768w, https:\/\/arrowguitars.com\/wp-content\/uploads\/2025\/04\/midi-logo_wynik2-12x12.jpg 12w, https:\/\/arrowguitars.com\/wp-content\/uploads\/2025\/04\/midi-logo_wynik2-600x600.jpg 600w, https:\/\/arrowguitars.com\/wp-content\/uploads\/2025\/04\/midi-logo_wynik2-100x100.jpg 100w, https:\/\/arrowguitars.com\/wp-content\/uploads\/2025\/04\/midi-logo_wynik2-50x50.jpg 50w, https:\/\/arrowguitars.com\/wp-content\/uploads\/2025\/04\/midi-logo_wynik2-64x64.jpg 64w\" sizes=\"(max-width: 800px) 100vw, 800px\" \/>\t\t\t\t\t\t\t\t<\/a>\n\t\t\t\t\t\t\t\t\t\t\t\t\t\t\t<\/div>\n\t\t\t\t<\/div>\n\t\t\t\t<div class=\"elementor-element elementor-element-3fe2e0dc elementor-widget elementor-widget-text-editor\" data-id=\"3fe2e0dc\" data-element_type=\"widget\" data-e-type=\"widget\" data-widget_type=\"text-editor.default\">\n\t\t\t\t<div class=\"elementor-widget-container\">\n\t\t\t\t\t\t\t\t\t<p><span data-sheets-root=\"1\">MIDI (PL)<\/span><\/p>\t\t\t\t\t\t\t\t<\/div>\n\t\t\t\t<\/div>\n\t\t\t\t\t<\/div>\n\t\t<\/div>\n\t\t\t\t<div class=\"elementor-column elementor-col-20 elementor-inner-column elementor-element elementor-element-575ff6af\" data-id=\"575ff6af\" data-element_type=\"column\" data-e-type=\"column\">\n\t\t\t<div class=\"elementor-widget-wrap elementor-element-populated\">\n\t\t\t\t\t\t<div class=\"elementor-element elementor-element-261fed83 elementor-widget elementor-widget-image\" data-id=\"261fed83\" data-element_type=\"widget\" data-e-type=\"widget\" data-widget_type=\"image.default\">\n\t\t\t\t<div class=\"elementor-widget-container\">\n\t\t\t\t\t\t\t\t\t\t\t\t\t\t\t\t<a href=\"https:\/\/rockman.com.pl\">\n\t\t\t\t\t\t\t<img loading=\"lazy\" decoding=\"async\" width=\"800\" height=\"800\" src=\"https:\/\/arrowguitars.com\/wp-content\/uploads\/2025\/04\/rockman-logo_wynik.jpg\" class=\"attachment-large size-large wp-image-10392 wvs-archive-product-image\" alt=\"\" srcset=\"https:\/\/arrowguitars.com\/wp-content\/uploads\/2025\/04\/rockman-logo_wynik.jpg 850w, https:\/\/arrowguitars.com\/wp-content\/uploads\/2025\/04\/rockman-logo_wynik-300x300.jpg 300w, https:\/\/arrowguitars.com\/wp-content\/uploads\/2025\/04\/rockman-logo_wynik-150x150.jpg 150w, https:\/\/arrowguitars.com\/wp-content\/uploads\/2025\/04\/rockman-logo_wynik-768x768.jpg 768w, https:\/\/arrowguitars.com\/wp-content\/uploads\/2025\/04\/rockman-logo_wynik-12x12.jpg 12w, https:\/\/arrowguitars.com\/wp-content\/uploads\/2025\/04\/rockman-logo_wynik-600x600.jpg 600w, https:\/\/arrowguitars.com\/wp-content\/uploads\/2025\/04\/rockman-logo_wynik-100x100.jpg 100w, https:\/\/arrowguitars.com\/wp-content\/uploads\/2025\/04\/rockman-logo_wynik-50x50.jpg 50w, https:\/\/arrowguitars.com\/wp-content\/uploads\/2025\/04\/rockman-logo_wynik-64x64.jpg 64w\" sizes=\"(max-width: 800px) 100vw, 800px\" \/>\t\t\t\t\t\t\t\t<\/a>\n\t\t\t\t\t\t\t\t\t\t\t\t\t\t\t<\/div>\n\t\t\t\t<\/div>\n\t\t\t\t<div class=\"elementor-element elementor-element-a4b0243 elementor-widget elementor-widget-text-editor\" data-id=\"a4b0243\" data-element_type=\"widget\" data-e-type=\"widget\" data-widget_type=\"text-editor.default\">\n\t\t\t\t<div class=\"elementor-widget-container\">\n\t\t\t\t\t\t\t\t\t<p><span data-sheets-root=\"1\">ROCKMAN SZCZECIN (PL)<\/span><\/p>\t\t\t\t\t\t\t\t<\/div>\n\t\t\t\t<\/div>\n\t\t\t\t\t<\/div>\n\t\t<\/div>\n\t\t\t\t<div class=\"elementor-column elementor-col-20 elementor-inner-column elementor-element elementor-element-45d7d57b\" data-id=\"45d7d57b\" data-element_type=\"column\" data-e-type=\"column\">\n\t\t\t<div class=\"elementor-widget-wrap elementor-element-populated\">\n\t\t\t\t\t\t<div class=\"elementor-element elementor-element-15910dd4 elementor-widget elementor-widget-image\" data-id=\"15910dd4\" data-element_type=\"widget\" data-e-type=\"widget\" data-widget_type=\"image.default\">\n\t\t\t\t<div class=\"elementor-widget-container\">\n\t\t\t\t\t\t\t\t\t\t\t\t\t\t\t\t<a href=\"https:\/\/ragtime.pl\/\">\n\t\t\t\t\t\t\t<img loading=\"lazy\" decoding=\"async\" width=\"800\" height=\"800\" src=\"https:\/\/arrowguitars.com\/wp-content\/uploads\/2025\/04\/ragtime-logo_wynik.jpg\" class=\"attachment-large size-large wp-image-10391 wvs-archive-product-image\" alt=\"\" srcset=\"https:\/\/arrowguitars.com\/wp-content\/uploads\/2025\/04\/ragtime-logo_wynik.jpg 850w, https:\/\/arrowguitars.com\/wp-content\/uploads\/2025\/04\/ragtime-logo_wynik-300x300.jpg 300w, https:\/\/arrowguitars.com\/wp-content\/uploads\/2025\/04\/ragtime-logo_wynik-150x150.jpg 150w, https:\/\/arrowguitars.com\/wp-content\/uploads\/2025\/04\/ragtime-logo_wynik-768x768.jpg 768w, https:\/\/arrowguitars.com\/wp-content\/uploads\/2025\/04\/ragtime-logo_wynik-12x12.jpg 12w, https:\/\/arrowguitars.com\/wp-content\/uploads\/2025\/04\/ragtime-logo_wynik-600x600.jpg 600w, https:\/\/arrowguitars.com\/wp-content\/uploads\/2025\/04\/ragtime-logo_wynik-100x100.jpg 100w, https:\/\/arrowguitars.com\/wp-content\/uploads\/2025\/04\/ragtime-logo_wynik-50x50.jpg 50w, https:\/\/arrowguitars.com\/wp-content\/uploads\/2025\/04\/ragtime-logo_wynik-64x64.jpg 64w\" sizes=\"(max-width: 800px) 100vw, 800px\" \/>\t\t\t\t\t\t\t\t<\/a>\n\t\t\t\t\t\t\t\t\t\t\t\t\t\t\t<\/div>\n\t\t\t\t<\/div>\n\t\t\t\t<div class=\"elementor-element elementor-element-16bbbfac elementor-widget elementor-widget-text-editor\" data-id=\"16bbbfac\" data-element_type=\"widget\" data-e-type=\"widget\" data-widget_type=\"text-editor.default\">\n\t\t\t\t<div class=\"elementor-widget-container\">\n\t\t\t\t\t\t\t\t\t<p><span data-sheets-root=\"1\">RAGTIME OPOLE <\/span>PL<\/p>\t\t\t\t\t\t\t\t<\/div>\n\t\t\t\t<\/div>\n\t\t\t\t\t<\/div>\n\t\t<\/div>\n\t\t\t\t<div class=\"elementor-column elementor-col-20 elementor-inner-column elementor-element elementor-element-24a29447\" data-id=\"24a29447\" data-element_type=\"column\" data-e-type=\"column\">\n\t\t\t<div class=\"elementor-widget-wrap\">\n\t\t\t\t\t\t\t<\/div>\n\t\t<\/div>\n\t\t\t\t<div class=\"elementor-column elementor-col-20 elementor-inner-column elementor-element elementor-element-dde7667\" data-id=\"dde7667\" data-element_type=\"column\" data-e-type=\"column\">\n\t\t\t<div class=\"elementor-widget-wrap\">\n\t\t\t\t\t\t\t<\/div>\n\t\t<\/div>\n\t\t\t\t\t<\/div>\n\t\t<\/section>\n\t\t\t\t\t<\/div>\n\t\t<\/div>\n\t\t\t\t\t<\/div>\n\t\t<\/section>\n\t\t\t\t<\/div>\n\t\t<\/p><\/div>\n\t\t\t\t\t\t\t\t\t<div class=\"elementor-tab-title elementor-tab-mobile-title\" aria-selected=\"false\" data-tab=\"2\" role=\"tab\" tabindex=\"-1\" aria-controls=\"elementor-tab-content-1402\" aria-expanded=\"false\">\ud83c\uddec\ud83c\udde7 English<\/div>\n\t\t\t\t\t<div id=\"elementor-tab-content-1402\" class=\"elementor-tab-content elementor-clearfix\" data-tab=\"2\" role=\"tabpanel\" aria-labelledby=\"elementor-tab-title-1402\" tabindex=\"0\" hidden=\"hidden\"><h3><strong>Uzyskaj zni\u017ck\u0119 na wybrany produkt Arrow!<\/strong><\/h3><h5>Z kodem <strong><span style=\"color: #ff0000;\">RECORDARROW<\/span><\/strong>mo\u017cesz kupi\u0107 wybrany produkt Arrow Guitars 5% taniej. Kod jest wa\u017cny do 31 lipca 2025 roku.<br \/>Oto lista sklep\u00f3w bior\u0105cych udzia\u0142 w promocji:<\/h5><p><\/p><\/div>\n\t\t\t\t\t\t\t<\/div>\n\t\t<\/div>\n\t\t\t\t\t\t<\/div>\n\t\t\t\t<\/div>\n\t\t\t\t\t<\/div>\n\t\t<\/div>\n\t\t\t\t\t<\/div>\n\t\t<\/section>\n\t\t\t\t<\/div>","protected":false},"excerpt":{"rendered":"<p>&#x1f1f5;&#x1f1f1; Polski &#x1f1ec;&#x1f1e7; English &#x1f1f5;&#x1f1f1; Polski Odbierz zni\u017ck\u0119 na wybrany produkt Arrow! Z kodem RECORDARROW mo\u017cesz kupi\u0107 wybrany produkt Arrow Guitars 5% taniej. Kod jest wa\u017cny do 31 lipca 2025.Lista sklep\u00f3w, kt\u00f3re bior\u0105 udzia\u0142 w akcji: RNR (PL) ABIX OLKUSZ (PL) ACCORD SZCZECINEK (PL) DEMO (PL) GUITAR CENTER (PL) MIDI (PL) ROCKMAN SZCZECIN (PL) RAGTIME [&hellip;]<\/p>\n","protected":false},"author":1,"featured_media":0,"parent":0,"menu_order":0,"comment_status":"closed","ping_status":"closed","template":"","meta":{"footnotes":""},"class_list":["post-9995","page","type-page","status-publish","hentry"],"_links":{"self":[{"href":"https:\/\/arrowguitars.com\/pl\/wp-json\/wp\/v2\/pages\/9995","targetHints":{"allow":["GET"]}}],"collection":[{"href":"https:\/\/arrowguitars.com\/pl\/wp-json\/wp\/v2\/pages"}],"about":[{"href":"https:\/\/arrowguitars.com\/pl\/wp-json\/wp\/v2\/types\/page"}],"author":[{"embeddable":true,"href":"https:\/\/arrowguitars.com\/pl\/wp-json\/wp\/v2\/users\/1"}],"replies":[{"embeddable":true,"href":"https:\/\/arrowguitars.com\/pl\/wp-json\/wp\/v2\/comments?post=9995"}],"version-history":[{"count":133,"href":"https:\/\/arrowguitars.com\/pl\/wp-json\/wp\/v2\/pages\/9995\/revisions"}],"predecessor-version":[{"id":10624,"href":"https:\/\/arrowguitars.com\/pl\/wp-json\/wp\/v2\/pages\/9995\/revisions\/10624"}],"wp:attachment":[{"href":"https:\/\/arrowguitars.com\/pl\/wp-json\/wp\/v2\/media?parent=9995"}],"curies":[{"name":"wp","href":"https:\/\/api.w.org\/{rel}","templated":true}]}}