{"id":3055,"date":"2024-05-16T13:53:17","date_gmt":"2024-05-16T11:53:17","guid":{"rendered":"https:\/\/new.arrowguitars.com\/?post_type=product&#038;p=3055"},"modified":"2025-11-12T14:16:59","modified_gmt":"2025-11-12T13:16:59","slug":"telico","status":"publish","type":"product","link":"https:\/\/arrowguitars.com\/pl\/produkt\/telico\/","title":{"rendered":"Telico"},"content":{"rendered":"<p>Kszta\u0142t gitary Telico jest jednym z najpopularniejszych kszta\u0142t\u00f3w korpus\u00f3w typu single cutaway w historii gitar elektrycznych. To \u015bwiadectwo prostoty, funkcjonalno\u015bci i ponadczasowego brzmienia. Wykonany z precyzj\u0105, przykr\u0119cany klonowy gryf zapewnia szybki atak i nienaganny sustain, pozwalaj\u0105c na \u0142atw\u0105 nawigacj\u0119 po podstrunnicy. To, co naprawd\u0119 wyr\u00f3\u017cnia Telico, to jego bezkompromisowy design. Jego elegancki, pozbawiony ozd\u00f3b wygl\u0105d emanuje ponadczasowym ch\u0142odem, kt\u00f3ry nigdy nie wychodzi z mody. Niezale\u017cnie od tego, czy jeste\u015b koncertuj\u0105cym muzykiem, czy grasz w sypialni, niezawodno\u015b\u0107 i prosta funkcjonalno\u015b\u0107 Telico sprawiaj\u0105, \u017ce jest to niezawodny towarzysz ka\u017cdej muzycznej podr\u00f3\u017cy.<\/p>","protected":false},"excerpt":{"rendered":"<p>The Telico guitar shape is one of the most popular single cutaway body shapes in electric guitar history. A testament to simplicity, functionality, and timeless tone. Crafted with precision, its bolt-on maple neck provides a snappy attack and impeccable sustain, allowing for effortless navigation across the fretboard. What truly sets the Telico apart is its [&hellip;]<\/p>\n","protected":false},"featured_media":11689,"comment_status":"open","ping_status":"closed","template":"","meta":[],"product_brand":[],"product_cat":[66],"product_tag":[],"class_list":{"0":"post-3055","1":"product","2":"type-product","3":"status-publish","4":"has-post-thumbnail","6":"product_cat-telico","7":"pa_finish-concrete","8":"pa_finish-deep-black","9":"pa_finish-mat-black","10":"pa_finish-peanut-butter","11":"pa_finish-tobacco-burst","12":"pa_finish-woody","13":"pa_neck-dark","14":"pa_neck-light","15":"pa_pick-ups-color-black","16":"pa_pick-ups-color-white","17":"pa_pickguard-black","18":"pa_pickguard-white-pearl","20":"first","21":"instock","22":"taxable","23":"shipping-taxable","24":"product-type-variable","25":"wvs-archive-product-wrapper"},"_links":{"self":[{"href":"https:\/\/arrowguitars.com\/pl\/wp-json\/wp\/v2\/product\/3055","targetHints":{"allow":["GET"]}}],"collection":[{"href":"https:\/\/arrowguitars.com\/pl\/wp-json\/wp\/v2\/product"}],"about":[{"href":"https:\/\/arrowguitars.com\/pl\/wp-json\/wp\/v2\/types\/product"}],"replies":[{"embeddable":true,"href":"https:\/\/arrowguitars.com\/pl\/wp-json\/wp\/v2\/comments?post=3055"}],"version-history":[{"count":6,"href":"https:\/\/arrowguitars.com\/pl\/wp-json\/wp\/v2\/product\/3055\/revisions"}],"predecessor-version":[{"id":12518,"href":"https:\/\/arrowguitars.com\/pl\/wp-json\/wp\/v2\/product\/3055\/revisions\/12518"}],"wp:featuredmedia":[{"embeddable":true,"href":"https:\/\/arrowguitars.com\/pl\/wp-json\/wp\/v2\/media\/11689"}],"wp:attachment":[{"href":"https:\/\/arrowguitars.com\/pl\/wp-json\/wp\/v2\/media?parent=3055"}],"wp:term":[{"taxonomy":"product_brand","embeddable":true,"href":"https:\/\/arrowguitars.com\/pl\/wp-json\/wp\/v2\/product_brand?post=3055"},{"taxonomy":"product_cat","embeddable":true,"href":"https:\/\/arrowguitars.com\/pl\/wp-json\/wp\/v2\/product_cat?post=3055"},{"taxonomy":"product_tag","embeddable":true,"href":"https:\/\/arrowguitars.com\/pl\/wp-json\/wp\/v2\/product_tag?post=3055"}],"curies":[{"name":"wp","href":"https:\/\/api.w.org\/{rel}","templated":true}]}}