{"id":3151,"date":"2024-05-17T14:25:29","date_gmt":"2024-05-17T12:25:29","guid":{"rendered":"https:\/\/new.arrowguitars.com\/?post_type=product&#038;p=3151"},"modified":"2025-11-12T14:16:55","modified_gmt":"2025-11-12T13:16:55","slug":"louisiana","status":"publish","type":"product","link":"https:\/\/arrowguitars.com\/pl\/produkt\/louisiana\/","title":{"rendered":"Louisiana"},"content":{"rendered":"<p>Dzi\u0119ki parze przetwornik\u00f3w z pojedyncz\u0105 cewk\u0105 i \u0142atwemu w grze profilowi szyjki, seria Louisiana jest zar\u00f3wno elegancka, jak i stylowa. Konfiguracja przetwornik\u00f3w zapewnia doskona\u0142\u0105 elastyczno\u015b\u0107 tonaln\u0105, umo\u017cliwiaj\u0105c miksowanie ka\u017cdego poziomu przetwornika indywidualnie z mo\u017cliwo\u015bci\u0105 zapewnienia du\u017cej definicji strun. Asymetryczny styl korpusu nadaje Louisianie klas\u0119 i wyrafinowanie, dzi\u0119ki czemu instrument \u015bwietnie wygl\u0105da podczas gry. Wygodny korpus z topoli offsetowej gwarantuje czyste brzmienie, kt\u00f3re rezonuje w ka\u017cdym muzycznym krajobrazie. Smuk\u0142a, klonowa szyjka zapewnia niezr\u00f3wnan\u0105 grywalno\u015b\u0107, u\u0142atwiaj\u0105c p\u0142ynn\u0105 prac\u0119 na wiolinowych strunach. To, co naprawd\u0119 wyr\u00f3\u017cnia bas Session, to jego wszechstronno\u015b\u0107 brzmieniowa. Wyposa\u017cony w par\u0119 przetwornik\u00f3w z pojedyncz\u0105 cewk\u0105, ten bas wytwarza szerok\u0105 gam\u0119 d\u017awi\u0119k\u00f3w, kt\u00f3re mog\u0105 by\u0107 tak mocne lub tak g\u0142adkie, jak dyktuj\u0105 twoje muzyczne sk\u0142onno\u015bci.<\/p>","protected":false},"excerpt":{"rendered":"<p>With its pair of single coil pickups and easy-to-play neck profile, the Louisiana series is both elegant and stylish. Its pickup configuration provides excellent tonal flexibility, allowing you to blend each pickup level individually with the ability to provide a lot of string definition. The Louisiana\u2019s asymmetric body style gives it a look of class [&hellip;]<\/p>\n","protected":false},"featured_media":3013,"comment_status":"open","ping_status":"closed","template":"","meta":[],"product_brand":[],"product_cat":[72],"product_tag":[],"class_list":{"0":"post-3151","1":"product","2":"type-product","3":"status-publish","4":"has-post-thumbnail","6":"product_cat-louisiana","7":"pa_finish-night-black","8":"pa_finish-natural","9":"pa_finish-sunburst","10":"pa_neck-dark","11":"pa_neck-light","12":"pa_pick-ups-color-black","13":"pa_pickguard-black","14":"pa_pickguard-t-shell","15":"pa_pickguard-white-pearl","17":"first","18":"instock","19":"taxable","20":"shipping-taxable","21":"product-type-variable","22":"has-default-attributes","23":"wvs-archive-product-wrapper"},"_links":{"self":[{"href":"https:\/\/arrowguitars.com\/pl\/wp-json\/wp\/v2\/product\/3151","targetHints":{"allow":["GET"]}}],"collection":[{"href":"https:\/\/arrowguitars.com\/pl\/wp-json\/wp\/v2\/product"}],"about":[{"href":"https:\/\/arrowguitars.com\/pl\/wp-json\/wp\/v2\/types\/product"}],"replies":[{"embeddable":true,"href":"https:\/\/arrowguitars.com\/pl\/wp-json\/wp\/v2\/comments?post=3151"}],"version-history":[{"count":5,"href":"https:\/\/arrowguitars.com\/pl\/wp-json\/wp\/v2\/product\/3151\/revisions"}],"predecessor-version":[{"id":12523,"href":"https:\/\/arrowguitars.com\/pl\/wp-json\/wp\/v2\/product\/3151\/revisions\/12523"}],"wp:featuredmedia":[{"embeddable":true,"href":"https:\/\/arrowguitars.com\/pl\/wp-json\/wp\/v2\/media\/3013"}],"wp:attachment":[{"href":"https:\/\/arrowguitars.com\/pl\/wp-json\/wp\/v2\/media?parent=3151"}],"wp:term":[{"taxonomy":"product_brand","embeddable":true,"href":"https:\/\/arrowguitars.com\/pl\/wp-json\/wp\/v2\/product_brand?post=3151"},{"taxonomy":"product_cat","embeddable":true,"href":"https:\/\/arrowguitars.com\/pl\/wp-json\/wp\/v2\/product_cat?post=3151"},{"taxonomy":"product_tag","embeddable":true,"href":"https:\/\/arrowguitars.com\/pl\/wp-json\/wp\/v2\/product_tag?post=3151"}],"curies":[{"name":"wp","href":"https:\/\/api.w.org\/{rel}","templated":true}]}}