{"id":3179,"date":"2024-05-17T15:14:06","date_gmt":"2024-05-17T13:14:06","guid":{"rendered":"https:\/\/new.arrowguitars.com\/?post_type=product&#038;p=3179"},"modified":"2025-11-12T14:16:55","modified_gmt":"2025-11-12T13:16:55","slug":"sesyjny-bas","status":"publish","type":"product","link":"https:\/\/arrowguitars.com\/pl\/produkt\/sesyjny-bas\/","title":{"rendered":"Session Bass"},"content":{"rendered":"<p>Doskona\u0142e brzmienie basu wymaga precyzji w sposobie gry, wysokiej jako\u015bci rezonansu korpusu i przezroczystego systemu dzielonych przetwornik\u00f3w offsetowych, kt\u00f3ry eliminuje niepo\u017c\u0105dane szumy i oferuje bogate brzmienie.<\/p>\n<p>Seria Session zapewnia to wszystko, wraz z grywalnym kszta\u0142tem szyjki i stylem korpusu, dzi\u0119ki czemu jest \u0142atwa w grze i idealna do ka\u017cdego stylu muzycznego. Solidny korpus z topoli zapewnia rezonansowe, mocne brzmienie, a elegancka szyjka z klonu kanadyjskiego zapewnia p\u0142ynn\u0105 gr\u0119, umo\u017cliwiaj\u0105c bez wysi\u0142ku groove.<\/p>\n<p>Wyposa\u017cony w przetwornik z dzielon\u0105 cewk\u0105, ten bas zapewnia g\u0142\u0119bokie, bogate brzmienie, kt\u00f3re mo\u017ce uderza\u0107 z autorytetem lub mrucze\u0107 z finezj\u0105. Precyzja pokr\u0119te\u0142 regulacji ton\u00f3w pozwala wyrze\u017abi\u0107 idealne brzmienie, niezale\u017cnie od stylu muzyki, kt\u00f3r\u0105 chcesz gra\u0107.<\/p>","protected":false},"excerpt":{"rendered":"<p>Great bass tone requires the ability to deliver precision in how it can be played, and quality resonance from the body and transparent offset split pickup system, which eliminates unwanted hum and offers a rich tone. The Session series delivers all these things, along with a playable neck shape and body style, making it easy [&hellip;]<\/p>\n","protected":false},"featured_media":3014,"comment_status":"open","ping_status":"closed","template":"","meta":[],"product_brand":[],"product_cat":[71],"product_tag":[],"class_list":{"0":"post-3179","1":"product","2":"type-product","3":"status-publish","4":"has-post-thumbnail","6":"product_cat-session","7":"pa_finish-night-black","8":"pa_finish-bone-white","9":"pa_finish-snow-white","10":"pa_neck-dark","11":"pa_neck-light","12":"pa_pick-ups-color-black","13":"pa_pickguard-black","14":"pa_pickguard-t-shell","15":"pa_pickguard-white-pearl","17":"first","18":"instock","19":"taxable","20":"shipping-taxable","21":"product-type-variable","22":"wvs-archive-product-wrapper"},"_links":{"self":[{"href":"https:\/\/arrowguitars.com\/pl\/wp-json\/wp\/v2\/product\/3179","targetHints":{"allow":["GET"]}}],"collection":[{"href":"https:\/\/arrowguitars.com\/pl\/wp-json\/wp\/v2\/product"}],"about":[{"href":"https:\/\/arrowguitars.com\/pl\/wp-json\/wp\/v2\/types\/product"}],"replies":[{"embeddable":true,"href":"https:\/\/arrowguitars.com\/pl\/wp-json\/wp\/v2\/comments?post=3179"}],"version-history":[{"count":7,"href":"https:\/\/arrowguitars.com\/pl\/wp-json\/wp\/v2\/product\/3179\/revisions"}],"predecessor-version":[{"id":12522,"href":"https:\/\/arrowguitars.com\/pl\/wp-json\/wp\/v2\/product\/3179\/revisions\/12522"}],"wp:featuredmedia":[{"embeddable":true,"href":"https:\/\/arrowguitars.com\/pl\/wp-json\/wp\/v2\/media\/3014"}],"wp:attachment":[{"href":"https:\/\/arrowguitars.com\/pl\/wp-json\/wp\/v2\/media?parent=3179"}],"wp:term":[{"taxonomy":"product_brand","embeddable":true,"href":"https:\/\/arrowguitars.com\/pl\/wp-json\/wp\/v2\/product_brand?post=3179"},{"taxonomy":"product_cat","embeddable":true,"href":"https:\/\/arrowguitars.com\/pl\/wp-json\/wp\/v2\/product_cat?post=3179"},{"taxonomy":"product_tag","embeddable":true,"href":"https:\/\/arrowguitars.com\/pl\/wp-json\/wp\/v2\/product_tag?post=3179"}],"curies":[{"name":"wp","href":"https:\/\/api.w.org\/{rel}","templated":true}]}}