{"id":3210,"date":"2024-05-17T16:39:15","date_gmt":"2024-05-17T14:39:15","guid":{"rendered":"https:\/\/new.arrowguitars.com\/?post_type=product&#038;p=3210"},"modified":"2026-01-13T11:37:47","modified_gmt":"2026-01-13T10:37:47","slug":"srebrny-laminat-dreadnought","status":"publish","type":"product","link":"https:\/\/arrowguitars.com\/pl\/produkt\/srebrny-laminat-dreadnought\/","title":{"rendered":"SILVER Dreadnought"},"content":{"rendered":"<p>Idealna gitara dla graczy szukaj\u0105cych instrumentu do \u0107wicze\u0144 i wyst\u0119p\u00f3w. Dzi\u0119ki legendarnemu kszta\u0142towi Dreadnought, seria gitar Silver zosta\u0142a fachowo wykonana, aby zapewni\u0107 doskona\u0142e brzmienie i \u0142atwo\u015b\u0107 gry. Dost\u0119pne w osza\u0142amiaj\u0105cych kolorach czarnym, sunburst i tradycyjnym naturalnym wyko\u0144czeniu, instrumenty te s\u0105 doskona\u0142ym wyborem, je\u015bli uczysz si\u0119 gra\u0107, jamujesz z przyjaci\u00f3\u0142mi lub wyst\u0119pujesz na scenie.<\/p>","protected":false},"excerpt":{"rendered":"<p>The perfect guitar for players looking for an instrument to practice and perform. With its legendary Dreadnought shape, the Silver series guitar range has been expertly crafted to provide great tone along with ease of playability. Available in stunning black, sunburst and traditional natural finishes, these instruments are a great choice if you are learning [&hellip;]<\/p>\n","protected":false},"featured_media":3018,"comment_status":"open","ping_status":"closed","template":"","meta":[],"product_brand":[],"product_cat":[68],"product_tag":[],"class_list":{"0":"post-3210","1":"product","2":"type-product","3":"status-publish","4":"has-post-thumbnail","6":"product_cat-silver","7":"pa_finish-black","8":"pa_finish-natural","9":"pa_finish-mahogany","10":"pa_finish-sunburst","11":"pa_finish-wine-red","13":"first","14":"instock","15":"taxable","16":"shipping-taxable","17":"product-type-variable","18":"wvs-archive-product-wrapper"},"_links":{"self":[{"href":"https:\/\/arrowguitars.com\/pl\/wp-json\/wp\/v2\/product\/3210","targetHints":{"allow":["GET"]}}],"collection":[{"href":"https:\/\/arrowguitars.com\/pl\/wp-json\/wp\/v2\/product"}],"about":[{"href":"https:\/\/arrowguitars.com\/pl\/wp-json\/wp\/v2\/types\/product"}],"replies":[{"embeddable":true,"href":"https:\/\/arrowguitars.com\/pl\/wp-json\/wp\/v2\/comments?post=3210"}],"version-history":[{"count":6,"href":"https:\/\/arrowguitars.com\/pl\/wp-json\/wp\/v2\/product\/3210\/revisions"}],"predecessor-version":[{"id":12524,"href":"https:\/\/arrowguitars.com\/pl\/wp-json\/wp\/v2\/product\/3210\/revisions\/12524"}],"wp:featuredmedia":[{"embeddable":true,"href":"https:\/\/arrowguitars.com\/pl\/wp-json\/wp\/v2\/media\/3018"}],"wp:attachment":[{"href":"https:\/\/arrowguitars.com\/pl\/wp-json\/wp\/v2\/media?parent=3210"}],"wp:term":[{"taxonomy":"product_brand","embeddable":true,"href":"https:\/\/arrowguitars.com\/pl\/wp-json\/wp\/v2\/product_brand?post=3210"},{"taxonomy":"product_cat","embeddable":true,"href":"https:\/\/arrowguitars.com\/pl\/wp-json\/wp\/v2\/product_cat?post=3210"},{"taxonomy":"product_tag","embeddable":true,"href":"https:\/\/arrowguitars.com\/pl\/wp-json\/wp\/v2\/product_tag?post=3210"}],"curies":[{"name":"wp","href":"https:\/\/api.w.org\/{rel}","templated":true}]}}