{"id":3233,"date":"2024-05-17T17:03:37","date_gmt":"2024-05-17T15:03:37","guid":{"rendered":"https:\/\/new.arrowguitars.com\/?post_type=product&#038;p=3233"},"modified":"2025-11-12T14:16:55","modified_gmt":"2025-11-12T13:16:55","slug":"zloty-dreadnought-z-litym-topem","status":"publish","type":"product","link":"https:\/\/arrowguitars.com\/pl\/produkt\/zloty-dreadnought-z-litym-topem\/","title":{"rendered":"GOLD Dreadnought - Solid Top"},"content":{"rendered":"<p>Starannie wyselekcjonowane drewno zapewnia osza\u0142amiaj\u0105cy wygl\u0105d i niesamowite brzmienie. Seria Gold posiada r\u00f3wnie\u017c podstrunnic\u0119 i mostek Richlite, aby zapewni\u0107 komfort i brzmienie. Dost\u0119pne zar\u00f3wno w wersji pe\u0142nokorpusowej, jak i elektroakustycznej z pojedynczym wci\u0119ciem. Gitary z serii Gold to wyb\u00f3r dla ka\u017cdego, kto szuka idealnej gitary akustycznej do pisania, grania i koncertowania w dobrym stylu.<\/p>","protected":false},"excerpt":{"rendered":"<p>Carefully selected wood provides stunning looks and amazing tone. The Gold series also features a Richlite fingerboard and bridge to maintain comfort and tone. Available in both full body and in a single cutaway electro acoustic designs. Gold Series guitars have a choice for anyone looking for the perfect acoustic to write, play and perform [&hellip;]<\/p>\n","protected":false},"featured_media":3024,"comment_status":"open","ping_status":"closed","template":"","meta":[],"product_brand":[],"product_cat":[69],"product_tag":[],"class_list":{"0":"post-3233","1":"product","2":"type-product","3":"status-publish","4":"has-post-thumbnail","6":"product_cat-gold","7":"pa_finish-black","8":"pa_finish-natural","9":"pa_finish-mahogany","10":"pa_finish-tobacco-burst","12":"first","13":"instock","14":"taxable","15":"shipping-taxable","16":"product-type-variable","17":"wvs-archive-product-wrapper"},"_links":{"self":[{"href":"https:\/\/arrowguitars.com\/pl\/wp-json\/wp\/v2\/product\/3233","targetHints":{"allow":["GET"]}}],"collection":[{"href":"https:\/\/arrowguitars.com\/pl\/wp-json\/wp\/v2\/product"}],"about":[{"href":"https:\/\/arrowguitars.com\/pl\/wp-json\/wp\/v2\/types\/product"}],"replies":[{"embeddable":true,"href":"https:\/\/arrowguitars.com\/pl\/wp-json\/wp\/v2\/comments?post=3233"}],"version-history":[{"count":3,"href":"https:\/\/arrowguitars.com\/pl\/wp-json\/wp\/v2\/product\/3233\/revisions"}],"predecessor-version":[{"id":5472,"href":"https:\/\/arrowguitars.com\/pl\/wp-json\/wp\/v2\/product\/3233\/revisions\/5472"}],"wp:featuredmedia":[{"embeddable":true,"href":"https:\/\/arrowguitars.com\/pl\/wp-json\/wp\/v2\/media\/3024"}],"wp:attachment":[{"href":"https:\/\/arrowguitars.com\/pl\/wp-json\/wp\/v2\/media?parent=3233"}],"wp:term":[{"taxonomy":"product_brand","embeddable":true,"href":"https:\/\/arrowguitars.com\/pl\/wp-json\/wp\/v2\/product_brand?post=3233"},{"taxonomy":"product_cat","embeddable":true,"href":"https:\/\/arrowguitars.com\/pl\/wp-json\/wp\/v2\/product_cat?post=3233"},{"taxonomy":"product_tag","embeddable":true,"href":"https:\/\/arrowguitars.com\/pl\/wp-json\/wp\/v2\/product_tag?post=3233"}],"curies":[{"name":"wp","href":"https:\/\/api.w.org\/{rel}","templated":true}]}}