{"id":3279,"date":"2024-05-17T17:41:21","date_gmt":"2024-05-17T15:41:21","guid":{"rendered":"https:\/\/new.arrowguitars.com\/?post_type=product&#038;p=3279"},"modified":"2025-11-12T14:16:55","modified_gmt":"2025-11-12T13:16:55","slug":"mahoniowe-ukulele-koncertowe-mh10","status":"publish","type":"product","link":"https:\/\/arrowguitars.com\/pl\/produkt\/mahoniowe-ukulele-koncertowe-mh10\/","title":{"rendered":"MH10"},"content":{"rendered":"<p>Rozkoszuj si\u0119 wyj\u0105tkowymi d\u017awi\u0119kami ukulele koncertowego Arrow MH, wykonanego z precyzj\u0105 z luksusowego drewna mahoniowego. Do\u015bwiadcz rezonansu i klarowno\u015bci, gdy ka\u017cda nuta rozbrzmiewa ciep\u0142em i g\u0142\u0119bi\u0105. Wyko\u0144czone naturalnym olejem, aby zapewni\u0107 naturalny, osza\u0142amiaj\u0105cy wygl\u0105d. Wyposa\u017cony w struny Aquila w standardzie i z drobnymi szczeg\u00f3\u0142ami, ale subteln\u0105 dekoracj\u0105, MH jest prawdziwym ukulele.<\/p>","protected":false},"excerpt":{"rendered":"<p>Indulge in the exquisite tones of an Arrow MH concerto ukulele, crafted with precision from luxurious mahogany woods. Experience resonance and clarity as each note reverberates with warmth and depth. Finished in a natural oil to provide an open pore natural stunning look. Fitted with Aquila strings as standard and with fine detailed but subtle [&hellip;]<\/p>\n","protected":false},"featured_media":4506,"comment_status":"open","ping_status":"closed","template":"","meta":[],"product_brand":[],"product_cat":[75],"product_tag":[],"class_list":{"0":"post-3279","1":"product","2":"type-product","3":"status-publish","4":"has-post-thumbnail","6":"product_cat-mh","7":"pa_finish-mahogany","8":"pa_finish-okume","9":"pa_finish-sapele","11":"first","12":"instock","13":"taxable","14":"shipping-taxable","15":"product-type-variable","16":"wvs-archive-product-wrapper"},"_links":{"self":[{"href":"https:\/\/arrowguitars.com\/pl\/wp-json\/wp\/v2\/product\/3279","targetHints":{"allow":["GET"]}}],"collection":[{"href":"https:\/\/arrowguitars.com\/pl\/wp-json\/wp\/v2\/product"}],"about":[{"href":"https:\/\/arrowguitars.com\/pl\/wp-json\/wp\/v2\/types\/product"}],"replies":[{"embeddable":true,"href":"https:\/\/arrowguitars.com\/pl\/wp-json\/wp\/v2\/comments?post=3279"}],"version-history":[{"count":5,"href":"https:\/\/arrowguitars.com\/pl\/wp-json\/wp\/v2\/product\/3279\/revisions"}],"predecessor-version":[{"id":5469,"href":"https:\/\/arrowguitars.com\/pl\/wp-json\/wp\/v2\/product\/3279\/revisions\/5469"}],"wp:featuredmedia":[{"embeddable":true,"href":"https:\/\/arrowguitars.com\/pl\/wp-json\/wp\/v2\/media\/4506"}],"wp:attachment":[{"href":"https:\/\/arrowguitars.com\/pl\/wp-json\/wp\/v2\/media?parent=3279"}],"wp:term":[{"taxonomy":"product_brand","embeddable":true,"href":"https:\/\/arrowguitars.com\/pl\/wp-json\/wp\/v2\/product_brand?post=3279"},{"taxonomy":"product_cat","embeddable":true,"href":"https:\/\/arrowguitars.com\/pl\/wp-json\/wp\/v2\/product_cat?post=3279"},{"taxonomy":"product_tag","embeddable":true,"href":"https:\/\/arrowguitars.com\/pl\/wp-json\/wp\/v2\/product_tag?post=3279"}],"curies":[{"name":"wp","href":"https:\/\/api.w.org\/{rel}","templated":true}]}}