{"id":3866,"date":"2024-06-26T10:53:25","date_gmt":"2024-06-26T08:53:25","guid":{"rendered":"https:\/\/new.arrowguitars.com\/?post_type=product&#038;p=3866"},"modified":"2025-11-12T14:16:55","modified_gmt":"2025-11-12T13:16:55","slug":"pb10","status":"publish","type":"product","link":"https:\/\/arrowguitars.com\/pl\/produkt\/pb10\/","title":{"rendered":"PB10"},"content":{"rendered":"<p>Ukulele Arrow to instrumenty stworzone z my\u015bl\u0105 o brzmieniu, wygodzie i indywidualnym stylu. Niezale\u017cnie od tego, czy wybierzesz ciep\u0142e, g\u0142\u0119bokie brzmienie mahoniowego modelu MH, czy kolorow\u0105, radosn\u0105 energi\u0119 serii PB \u2013 ka\u017cde z nich oferuje wysok\u0105 jako\u015b\u0107 wykonania, wygod\u0119 gry i wyj\u0105tkowy charakter. Idealne zar\u00f3wno dla pocz\u0105tkuj\u0105cych, jak i bardziej do\u015bwiadczonych muzyk\u00f3w \u2013 do nauki, relaksu i wsp\u00f3lnego muzykowania.<\/p>","protected":false},"excerpt":{"rendered":"<p>Nothing can compare to the upbeat and cheerful tones associated with the ukulele. The perfect introduction to stringed instruments for any level of player, the ukulele has fast become one of the most popular ways to learn and teach music. The PB Ukulele range provides a vast selection of colors and finishes, crafted from durable [&hellip;]<\/p>\n","protected":false},"featured_media":3887,"comment_status":"open","ping_status":"closed","template":"","meta":[],"product_brand":[],"product_cat":[74],"product_tag":[],"class_list":{"0":"post-3866","1":"product","2":"type-product","3":"status-publish","4":"has-post-thumbnail","6":"product_cat-pb","7":"pa_finish-black","8":"pa_finish-yellow","9":"pa_finish-blue","10":"pa_finish-green","11":"pa_finish-natural","12":"pa_finish-natural-dark","13":"pa_finish-orange","14":"pa_finish-pink","15":"pa_finish-purple","16":"pa_finish-red","17":"pa_finish-red2","18":"pa_finish-white","20":"first","21":"instock","22":"taxable","23":"shipping-taxable","24":"product-type-variable","25":"wvs-archive-product-wrapper"},"_links":{"self":[{"href":"https:\/\/arrowguitars.com\/pl\/wp-json\/wp\/v2\/product\/3866","targetHints":{"allow":["GET"]}}],"collection":[{"href":"https:\/\/arrowguitars.com\/pl\/wp-json\/wp\/v2\/product"}],"about":[{"href":"https:\/\/arrowguitars.com\/pl\/wp-json\/wp\/v2\/types\/product"}],"replies":[{"embeddable":true,"href":"https:\/\/arrowguitars.com\/pl\/wp-json\/wp\/v2\/comments?post=3866"}],"version-history":[{"count":7,"href":"https:\/\/arrowguitars.com\/pl\/wp-json\/wp\/v2\/product\/3866\/revisions"}],"predecessor-version":[{"id":12496,"href":"https:\/\/arrowguitars.com\/pl\/wp-json\/wp\/v2\/product\/3866\/revisions\/12496"}],"wp:featuredmedia":[{"embeddable":true,"href":"https:\/\/arrowguitars.com\/pl\/wp-json\/wp\/v2\/media\/3887"}],"wp:attachment":[{"href":"https:\/\/arrowguitars.com\/pl\/wp-json\/wp\/v2\/media?parent=3866"}],"wp:term":[{"taxonomy":"product_brand","embeddable":true,"href":"https:\/\/arrowguitars.com\/pl\/wp-json\/wp\/v2\/product_brand?post=3866"},{"taxonomy":"product_cat","embeddable":true,"href":"https:\/\/arrowguitars.com\/pl\/wp-json\/wp\/v2\/product_cat?post=3866"},{"taxonomy":"product_tag","embeddable":true,"href":"https:\/\/arrowguitars.com\/pl\/wp-json\/wp\/v2\/product_tag?post=3866"}],"curies":[{"name":"wp","href":"https:\/\/api.w.org\/{rel}","templated":true}]}}