{"id":4054,"date":"2024-06-28T13:14:26","date_gmt":"2024-06-28T11:14:26","guid":{"rendered":"https:\/\/new.arrowguitars.com\/?post_type=product&#038;p=4054"},"modified":"2025-11-12T14:16:55","modified_gmt":"2025-11-12T13:16:55","slug":"spokoj","status":"publish","type":"product","link":"https:\/\/arrowguitars.com\/pl\/produkt\/spokoj\/","title":{"rendered":"Calma"},"content":{"rendered":"<p>Dzi\u0119ki bardziej mi\u0119kkim strunom i szerszym profilom gryfu ni\u017c w przypadku gitar elektrycznych lub stalowych gitar akustycznych, gitara klasyczna jest cz\u0119sto pierwszym instrumentem, po kt\u00f3ry si\u0119ga wielu gitarzyst\u00f3w. Instrumenty z serii Calma zosta\u0142y starannie wykonane, aby zapewni\u0107 przyjemne wra\u017cenia podczas gry i nadal zapewnia\u0107 doskona\u0142\u0105 projekcj\u0119 z wyra\u017an\u0105 definicj\u0105 strun. Dost\u0119pne w po\u0142owie, trzech czwartych i pe\u0142nej skali, gitary Calma s\u0105 idealnym wprowadzeniem do gry na gitarze. Dost\u0119pne w wysokim po\u0142ysku i wizualnie osza\u0142amiaj\u0105cych matowych wyko\u0144czeniach, gitary Calma oferuj\u0105 niezawodny okazjonalny instrument o niesamowitym wygl\u0105dzie.<\/p>","protected":false},"excerpt":{"rendered":"<p>With softer strings and wider neck profiles than electric or steel acoustic string guitars, the classical guitar is often the first instrument that many guitarists pick up. Calma series instruments have been carefully crafted to provide an enjoyable experience when played and still deliver great projection with clear string definition. Available in half, three quarter [&hellip;]<\/p>\n","protected":false},"featured_media":4081,"comment_status":"open","ping_status":"closed","template":"","meta":[],"product_brand":[],"product_cat":[73],"product_tag":[],"class_list":{"0":"post-4054","1":"product","2":"type-product","3":"status-publish","4":"has-post-thumbnail","6":"product_cat-calma","7":"pa_finish-natural-gloss","8":"pa_finish-natural-matt","10":"first","11":"instock","12":"taxable","13":"shipping-taxable","14":"product-type-variable","15":"wvs-archive-product-wrapper"},"_links":{"self":[{"href":"https:\/\/arrowguitars.com\/pl\/wp-json\/wp\/v2\/product\/4054","targetHints":{"allow":["GET"]}}],"collection":[{"href":"https:\/\/arrowguitars.com\/pl\/wp-json\/wp\/v2\/product"}],"about":[{"href":"https:\/\/arrowguitars.com\/pl\/wp-json\/wp\/v2\/types\/product"}],"replies":[{"embeddable":true,"href":"https:\/\/arrowguitars.com\/pl\/wp-json\/wp\/v2\/comments?post=4054"}],"version-history":[{"count":3,"href":"https:\/\/arrowguitars.com\/pl\/wp-json\/wp\/v2\/product\/4054\/revisions"}],"predecessor-version":[{"id":5467,"href":"https:\/\/arrowguitars.com\/pl\/wp-json\/wp\/v2\/product\/4054\/revisions\/5467"}],"wp:featuredmedia":[{"embeddable":true,"href":"https:\/\/arrowguitars.com\/pl\/wp-json\/wp\/v2\/media\/4081"}],"wp:attachment":[{"href":"https:\/\/arrowguitars.com\/pl\/wp-json\/wp\/v2\/media?parent=4054"}],"wp:term":[{"taxonomy":"product_brand","embeddable":true,"href":"https:\/\/arrowguitars.com\/pl\/wp-json\/wp\/v2\/product_brand?post=4054"},{"taxonomy":"product_cat","embeddable":true,"href":"https:\/\/arrowguitars.com\/pl\/wp-json\/wp\/v2\/product_cat?post=4054"},{"taxonomy":"product_tag","embeddable":true,"href":"https:\/\/arrowguitars.com\/pl\/wp-json\/wp\/v2\/product_tag?post=4054"}],"curies":[{"name":"wp","href":"https:\/\/api.w.org\/{rel}","templated":true}]}}