{"id":4520,"date":"2024-07-16T08:46:16","date_gmt":"2024-07-16T06:46:16","guid":{"rendered":"https:\/\/new.arrowguitars.com\/?post_type=product&#038;p=4520"},"modified":"2025-11-12T14:16:55","modified_gmt":"2025-11-12T13:16:55","slug":"riffster","status":"publish","type":"product","link":"https:\/\/arrowguitars.com\/pl\/produkt\/riffster\/","title":{"rendered":"Riffster"},"content":{"rendered":"<p>Riffster uosabia esencj\u0119 historii rock'n'rolla, szczyc\u0105c si\u0119 solidnym mahoniowym korpusem i zapewniaj\u0105c bogaty sustain i niesamowity rezonans. Konstrukcja szyjki zapewnia p\u0142ynn\u0105 gr\u0119, pozwalaj\u0105c palcom bez wysi\u0142ku przesuwa\u0107 si\u0119 po podstrunnicy. Dzi\u0119ki przetwornikom humbucking, Riffster zapewnia pot\u0119\u017cne, ciep\u0142e brzmienie, tworz\u0105c harmonicznie bogaty d\u017awi\u0119k, kt\u00f3ry jest idealny do wszystkiego, od bluesowych zakr\u0119t\u00f3w po rycz\u0105ce rockowe riffy. Wszechstronna konfiguracja przetwornik\u00f3w pozwala odkrywa\u0107 szerokie spektrum d\u017awi\u0119kowych krajobraz\u00f3w, od s\u0142odkich, kremowych czystych po ostre, przesterowane leady.<\/p>","protected":false},"excerpt":{"rendered":"<p>The Riffster embodies the very essence of rock &#8216;n&#8217; roll history, boasting a solid mahogany body, and delivering rich sustain and incredible resonance. Its set neck construction ensures seamless playability, allowing your fingers to effortlessly glide across the fretboard. With its humbucking pickups, the Riffster provides a powerful, warm tone, producing a harmonically rich sound [&hellip;]<\/p>\n","protected":false},"featured_media":4528,"comment_status":"open","ping_status":"closed","template":"","meta":[],"product_brand":[],"product_cat":[65],"product_tag":[],"class_list":{"0":"post-4520","1":"product","2":"type-product","3":"status-publish","4":"has-post-thumbnail","6":"product_cat-riffster","7":"pa_finish-active-night-black-mat-rosewood","8":"pa_finish-amber-rosewood-cream","9":"pa_finish-flame-burst-cs-rosewood-cream","10":"pa_finish-flame-burst-rd-rosewood-cream","11":"pa_finish-night-black-rosewood-white","12":"pa_finish-open-black-rosewood-cream","13":"pa_finish-pumpkin","14":"pa_finish-sunburst-rosewood-cream","16":"first","17":"instock","18":"taxable","19":"shipping-taxable","20":"product-type-variable","21":"wvs-archive-product-wrapper"},"_links":{"self":[{"href":"https:\/\/arrowguitars.com\/pl\/wp-json\/wp\/v2\/product\/4520","targetHints":{"allow":["GET"]}}],"collection":[{"href":"https:\/\/arrowguitars.com\/pl\/wp-json\/wp\/v2\/product"}],"about":[{"href":"https:\/\/arrowguitars.com\/pl\/wp-json\/wp\/v2\/types\/product"}],"replies":[{"embeddable":true,"href":"https:\/\/arrowguitars.com\/pl\/wp-json\/wp\/v2\/comments?post=4520"}],"version-history":[{"count":6,"href":"https:\/\/arrowguitars.com\/pl\/wp-json\/wp\/v2\/product\/4520\/revisions"}],"predecessor-version":[{"id":12581,"href":"https:\/\/arrowguitars.com\/pl\/wp-json\/wp\/v2\/product\/4520\/revisions\/12581"}],"wp:featuredmedia":[{"embeddable":true,"href":"https:\/\/arrowguitars.com\/pl\/wp-json\/wp\/v2\/media\/4528"}],"wp:attachment":[{"href":"https:\/\/arrowguitars.com\/pl\/wp-json\/wp\/v2\/media?parent=4520"}],"wp:term":[{"taxonomy":"product_brand","embeddable":true,"href":"https:\/\/arrowguitars.com\/pl\/wp-json\/wp\/v2\/product_brand?post=4520"},{"taxonomy":"product_cat","embeddable":true,"href":"https:\/\/arrowguitars.com\/pl\/wp-json\/wp\/v2\/product_cat?post=4520"},{"taxonomy":"product_tag","embeddable":true,"href":"https:\/\/arrowguitars.com\/pl\/wp-json\/wp\/v2\/product_tag?post=4520"}],"curies":[{"name":"wp","href":"https:\/\/api.w.org\/{rel}","templated":true}]}}