{"id":4800,"date":"2024-07-19T10:57:47","date_gmt":"2024-07-19T08:57:47","guid":{"rendered":"https:\/\/new.arrowguitars.com\/?post_type=product&#038;p=4800"},"modified":"2025-11-12T14:16:50","modified_gmt":"2025-11-12T13:16:50","slug":"wydma","status":"publish","type":"product","link":"https:\/\/arrowguitars.com\/pl\/produkt\/wydma\/","title":{"rendered":"Dune"},"content":{"rendered":"<p>Arrow Dune to idealna gitara zar\u00f3wno dla pocz\u0105tkuj\u0105cych, jak i zaawansowanych muzyk\u00f3w. Pe\u0142en komfort podczas gry, unikalny wygl\u0105d i wszechstronne brzmienie sprawiaj\u0105, \u017ce sprawdzi si\u0119 ona w ka\u017cdym gatunku i stylu.<\/p>","protected":false},"excerpt":{"rendered":"<p>Arrow Dune to idealna gitara zar\u00f3wno dla pocz\u0105tkuj\u0105cych, jak i zaawansowanych muzyk\u00f3w. Pe\u0142en komfort podczas gry, unikalny wygl\u0105d i wszechstronne brzmienie sprawiaj\u0105, \u017ce sprawdzi si\u0119 ona w ka\u017cdym gatunku i stylu.<\/p>","protected":false},"featured_media":5934,"comment_status":"open","ping_status":"closed","template":"","meta":[],"product_brand":[],"product_cat":[136],"product_tag":[],"class_list":{"0":"post-4800","1":"product","2":"type-product","3":"status-publish","4":"has-post-thumbnail","6":"product_cat-dune","7":"pa_finish-blue","8":"pa_finish-red","10":"first","11":"instock","12":"taxable","13":"shipping-taxable","14":"product-type-variable","15":"wvs-archive-product-wrapper"},"_links":{"self":[{"href":"https:\/\/arrowguitars.com\/pl\/wp-json\/wp\/v2\/product\/4800","targetHints":{"allow":["GET"]}}],"collection":[{"href":"https:\/\/arrowguitars.com\/pl\/wp-json\/wp\/v2\/product"}],"about":[{"href":"https:\/\/arrowguitars.com\/pl\/wp-json\/wp\/v2\/types\/product"}],"replies":[{"embeddable":true,"href":"https:\/\/arrowguitars.com\/pl\/wp-json\/wp\/v2\/comments?post=4800"}],"version-history":[{"count":7,"href":"https:\/\/arrowguitars.com\/pl\/wp-json\/wp\/v2\/product\/4800\/revisions"}],"predecessor-version":[{"id":12525,"href":"https:\/\/arrowguitars.com\/pl\/wp-json\/wp\/v2\/product\/4800\/revisions\/12525"}],"wp:featuredmedia":[{"embeddable":true,"href":"https:\/\/arrowguitars.com\/pl\/wp-json\/wp\/v2\/media\/5934"}],"wp:attachment":[{"href":"https:\/\/arrowguitars.com\/pl\/wp-json\/wp\/v2\/media?parent=4800"}],"wp:term":[{"taxonomy":"product_brand","embeddable":true,"href":"https:\/\/arrowguitars.com\/pl\/wp-json\/wp\/v2\/product_brand?post=4800"},{"taxonomy":"product_cat","embeddable":true,"href":"https:\/\/arrowguitars.com\/pl\/wp-json\/wp\/v2\/product_cat?post=4800"},{"taxonomy":"product_tag","embeddable":true,"href":"https:\/\/arrowguitars.com\/pl\/wp-json\/wp\/v2\/product_tag?post=4800"}],"curies":[{"name":"wp","href":"https:\/\/api.w.org\/{rel}","templated":true}]}}