{"id":4807,"date":"2024-07-19T10:58:18","date_gmt":"2024-07-19T08:58:18","guid":{"rendered":"https:\/\/new.arrowguitars.com\/?post_type=product&#038;p=4807"},"modified":"2025-11-12T14:16:50","modified_gmt":"2025-11-12T13:16:50","slug":"podroz","status":"publish","type":"product","link":"https:\/\/arrowguitars.com\/pl\/produkt\/podroz\/","title":{"rendered":"Road Buddy"},"content":{"rendered":"<p>Stworzona dla poszukiwaczy przyg\u00f3d i tw\u00f3rc\u00f3w. Gitara z serii Road Buddy to idealne po\u0142\u0105czenie wygody i \u0142atwo\u015bci gry. Mo\u017cesz zabra\u0107 j\u0105 wsz\u0119dzie tam, gdzie czujesz przyp\u0142yw inspiracji i gdzie chcesz odkrywa\u0107 muzyk\u0119 na w\u0142asnych warunkach.<\/p>","protected":false},"excerpt":{"rendered":"<p>Stworzona dla poszukiwaczy przyg\u00f3d i tw\u00f3rc\u00f3w. Gitara z serii Road Buddy to idealne po\u0142\u0105czenie wygody i \u0142atwo\u015bci gry. Mo\u017cesz zabra\u0107 j\u0105 wsz\u0119dzie tam, gdzie czujesz przyp\u0142yw inspiracji i gdzie chcesz odkrywa\u0107 muzyk\u0119 na w\u0142asnych warunkach.<\/p>","protected":false},"featured_media":5936,"comment_status":"open","ping_status":"closed","template":"","meta":[],"product_brand":[],"product_cat":[137],"product_tag":[],"class_list":{"0":"post-4807","1":"product","2":"type-product","3":"status-publish","4":"has-post-thumbnail","6":"product_cat-road-buddy","7":"pa_finish-mahogany","8":"pa_finish-spruce","10":"first","11":"instock","12":"taxable","13":"shipping-taxable","14":"product-type-variable","15":"wvs-archive-product-wrapper"},"_links":{"self":[{"href":"https:\/\/arrowguitars.com\/pl\/wp-json\/wp\/v2\/product\/4807","targetHints":{"allow":["GET"]}}],"collection":[{"href":"https:\/\/arrowguitars.com\/pl\/wp-json\/wp\/v2\/product"}],"about":[{"href":"https:\/\/arrowguitars.com\/pl\/wp-json\/wp\/v2\/types\/product"}],"replies":[{"embeddable":true,"href":"https:\/\/arrowguitars.com\/pl\/wp-json\/wp\/v2\/comments?post=4807"}],"version-history":[{"count":5,"href":"https:\/\/arrowguitars.com\/pl\/wp-json\/wp\/v2\/product\/4807\/revisions"}],"predecessor-version":[{"id":6757,"href":"https:\/\/arrowguitars.com\/pl\/wp-json\/wp\/v2\/product\/4807\/revisions\/6757"}],"wp:featuredmedia":[{"embeddable":true,"href":"https:\/\/arrowguitars.com\/pl\/wp-json\/wp\/v2\/media\/5936"}],"wp:attachment":[{"href":"https:\/\/arrowguitars.com\/pl\/wp-json\/wp\/v2\/media?parent=4807"}],"wp:term":[{"taxonomy":"product_brand","embeddable":true,"href":"https:\/\/arrowguitars.com\/pl\/wp-json\/wp\/v2\/product_brand?post=4807"},{"taxonomy":"product_cat","embeddable":true,"href":"https:\/\/arrowguitars.com\/pl\/wp-json\/wp\/v2\/product_cat?post=4807"},{"taxonomy":"product_tag","embeddable":true,"href":"https:\/\/arrowguitars.com\/pl\/wp-json\/wp\/v2\/product_tag?post=4807"}],"curies":[{"name":"wp","href":"https:\/\/api.w.org\/{rel}","templated":true}]}}