{"id":5877,"date":"2024-08-06T15:03:07","date_gmt":"2024-08-06T13:03:07","guid":{"rendered":"https:\/\/new.arrowguitars.com\/?post_type=product&#038;p=5877"},"modified":"2025-11-12T14:16:50","modified_gmt":"2025-11-12T13:16:50","slug":"surowy-2","status":"publish","type":"product","link":"https:\/\/arrowguitars.com\/pl\/produkt\/surowy-2\/","title":{"rendered":"Raw"},"content":{"rendered":"<p>Niezale\u017cnie od tego, czy jeste\u015b do\u015bwiadczonym muzykiem, czy dopiero zaczynasz swoj\u0105 przygod\u0119 z gitar\u0105, Arrow Raw to instrument, kt\u00f3ry zrobi wra\u017cenie zar\u00f3wno na Tobie, jak i na Twojej publiczno\u015bci. Oferuje unikalne po\u0142\u0105czenie doskona\u0142ego brzmienia, komfortu gry i trwa\u0142o\u015bci, dzi\u0119ki czemu jest idealnym wyborem dla ka\u017cdego, kto szuka wysokiej klasy gitary akustycznej.<\/p>","protected":false},"excerpt":{"rendered":"<p>Niezale\u017cnie od tego, czy jeste\u015b do\u015bwiadczonym muzykiem, czy dopiero zaczynasz swoj\u0105 przygod\u0119 z gitar\u0105, Arrow Raw to instrument, kt\u00f3ry zrobi wra\u017cenie zar\u00f3wno na Tobie, jak i na Twojej publiczno\u015bci. Oferuje unikalne po\u0142\u0105czenie doskona\u0142ego brzmienia, komfortu gry i trwa\u0142o\u015bci, dzi\u0119ki czemu jest idealnym wyborem dla ka\u017cdego, kto szuka wysokiej klasy gitary akustycznej.<\/p>","protected":false},"featured_media":5930,"comment_status":"open","ping_status":"closed","template":"","meta":[],"product_brand":[],"product_cat":[135],"product_tag":[],"class_list":{"0":"post-5877","1":"product","2":"type-product","3":"status-publish","4":"has-post-thumbnail","6":"product_cat-raw","7":"pa_finish-black","8":"pa_finish-mahogany","9":"pa_finish-tobacco-burst","11":"first","12":"instock","13":"taxable","14":"shipping-taxable","15":"product-type-variable","16":"wvs-archive-product-wrapper"},"_links":{"self":[{"href":"https:\/\/arrowguitars.com\/pl\/wp-json\/wp\/v2\/product\/5877","targetHints":{"allow":["GET"]}}],"collection":[{"href":"https:\/\/arrowguitars.com\/pl\/wp-json\/wp\/v2\/product"}],"about":[{"href":"https:\/\/arrowguitars.com\/pl\/wp-json\/wp\/v2\/types\/product"}],"replies":[{"embeddable":true,"href":"https:\/\/arrowguitars.com\/pl\/wp-json\/wp\/v2\/comments?post=5877"}],"version-history":[{"count":4,"href":"https:\/\/arrowguitars.com\/pl\/wp-json\/wp\/v2\/product\/5877\/revisions"}],"predecessor-version":[{"id":6273,"href":"https:\/\/arrowguitars.com\/pl\/wp-json\/wp\/v2\/product\/5877\/revisions\/6273"}],"wp:featuredmedia":[{"embeddable":true,"href":"https:\/\/arrowguitars.com\/pl\/wp-json\/wp\/v2\/media\/5930"}],"wp:attachment":[{"href":"https:\/\/arrowguitars.com\/pl\/wp-json\/wp\/v2\/media?parent=5877"}],"wp:term":[{"taxonomy":"product_brand","embeddable":true,"href":"https:\/\/arrowguitars.com\/pl\/wp-json\/wp\/v2\/product_brand?post=5877"},{"taxonomy":"product_cat","embeddable":true,"href":"https:\/\/arrowguitars.com\/pl\/wp-json\/wp\/v2\/product_cat?post=5877"},{"taxonomy":"product_tag","embeddable":true,"href":"https:\/\/arrowguitars.com\/pl\/wp-json\/wp\/v2\/product_tag?post=5877"}],"curies":[{"name":"wp","href":"https:\/\/api.w.org\/{rel}","templated":true}]}}