{"id":6588,"date":"2024-09-06T12:58:20","date_gmt":"2024-09-06T10:58:20","guid":{"rendered":"https:\/\/new.arrowguitars.com\/?post_type=product&#038;p=6588"},"modified":"2025-07-02T10:19:31","modified_gmt":"2025-07-02T08:19:31","slug":"koszulka-arrow-4","status":"publish","type":"product","link":"https:\/\/arrowguitars.com\/pl\/produkt\/koszulka-arrow-4\/","title":{"rendered":"Koszulka baseballowa z d\u0142ugim r\u0119kawem"},"content":{"rendered":"<p>Dopasowany kr\u00f3j. D\u0142ugie w\u0142\u00f3kna bawe\u0142ny. Podw\u00f3jnie niekurczliwa. Ko\u0142nierzyk z tkaniny. Raglanowe r\u0119kawy<\/p>\n<p><strong>Certyfikat:<\/strong>\u00a0Oeko-Tex, REACH<br \/>\n<strong>Kolekcja:<\/strong>\u00a0Premium<br \/>\n<strong>Tkanina Prz\u0119dza \/ Wyko\u0144czenie:<\/strong>\u00a0Czesane, wst\u0119pnie skurczone<br \/>\n<strong>R\u0119kaw:<\/strong>\u00a0D\u0142ugi r\u0119kaw, Raglan<br \/>\n<strong>Zawarto\u015b\u0107 materia\u0142u:<\/strong>\u00a0100% Bawe\u0142na czesana<br \/>\n<strong>Gramatura materia\u0142u:<\/strong>\u00a0185<\/p>","protected":false},"excerpt":{"rendered":"<p>Dopasowany kr\u00f3j. D\u0142ugie w\u0142\u00f3kna bawe\u0142ny. Podw\u00f3jnie niekurczliwa. Ko\u0142nierzyk z tkaniny. Raglanowe r\u0119kawy<\/p>","protected":false},"featured_media":8502,"comment_status":"open","ping_status":"closed","template":"","meta":[],"product_brand":[],"product_cat":[57],"product_tag":[],"class_list":{"0":"post-6588","1":"product","2":"type-product","3":"status-publish","4":"has-post-thumbnail","6":"product_cat-apparel","8":"first","9":"instock","10":"taxable","11":"shipping-taxable","12":"product-type-simple"},"_links":{"self":[{"href":"https:\/\/arrowguitars.com\/pl\/wp-json\/wp\/v2\/product\/6588","targetHints":{"allow":["GET"]}}],"collection":[{"href":"https:\/\/arrowguitars.com\/pl\/wp-json\/wp\/v2\/product"}],"about":[{"href":"https:\/\/arrowguitars.com\/pl\/wp-json\/wp\/v2\/types\/product"}],"replies":[{"embeddable":true,"href":"https:\/\/arrowguitars.com\/pl\/wp-json\/wp\/v2\/comments?post=6588"}],"version-history":[{"count":11,"href":"https:\/\/arrowguitars.com\/pl\/wp-json\/wp\/v2\/product\/6588\/revisions"}],"predecessor-version":[{"id":11290,"href":"https:\/\/arrowguitars.com\/pl\/wp-json\/wp\/v2\/product\/6588\/revisions\/11290"}],"wp:featuredmedia":[{"embeddable":true,"href":"https:\/\/arrowguitars.com\/pl\/wp-json\/wp\/v2\/media\/8502"}],"wp:attachment":[{"href":"https:\/\/arrowguitars.com\/pl\/wp-json\/wp\/v2\/media?parent=6588"}],"wp:term":[{"taxonomy":"product_brand","embeddable":true,"href":"https:\/\/arrowguitars.com\/pl\/wp-json\/wp\/v2\/product_brand?post=6588"},{"taxonomy":"product_cat","embeddable":true,"href":"https:\/\/arrowguitars.com\/pl\/wp-json\/wp\/v2\/product_cat?post=6588"},{"taxonomy":"product_tag","embeddable":true,"href":"https:\/\/arrowguitars.com\/pl\/wp-json\/wp\/v2\/product_tag?post=6588"}],"curies":[{"name":"wp","href":"https:\/\/api.w.org\/{rel}","templated":true}]}}