{"id":7074,"date":"2024-09-30T12:11:55","date_gmt":"2024-09-30T10:11:55","guid":{"rendered":"https:\/\/arrowguitars.com\/?post_type=product&#038;p=7074"},"modified":"2025-11-12T14:16:50","modified_gmt":"2025-11-12T13:16:50","slug":"twincut","status":"publish","type":"product","link":"https:\/\/arrowguitars.com\/pl\/produkt\/twincut\/","title":{"rendered":"Twincut"},"content":{"rendered":"<p>Arrow Twincut to gitara o charakterystycznym kszta\u0142cie z podw\u00f3jnym wyci\u0119ciem, kt\u00f3ra przyci\u0105ga fan\u00f3w rocka na ca\u0142ym \u015bwiecie. Jej lekka konstrukcja \u0142\u0105czy klasyczny design z nowoczesno\u015bci\u0105, a korpus i gryf z mahoniu zapewniaj\u0105 znakomity sustain.\nPalisandrowa podstrunnica z 22 progami oferuje wygod\u0119 grania, a dwa humbuckery generuj\u0105 mocny sygna\u0142, kt\u00f3ry kontrolujesz za pomoc\u0105 czterech potencjometr\u00f3w i prze\u0142\u0105cznika 3-pozycyjnego. Wysokiej jako\u015bci klucze zapewniaj\u0105 precyzyjne strojenie, a chromowane wyko\u0144czenie dodaje elegancji. Twincut doskonale sprawdza si\u0119 w r\u00f3\u017cnych stylach muzycznych i jest idealnym wyborem dla muzyk\u00f3w pragn\u0105cych wyrazi\u0107 sw\u00f3j styl na scenie. To niezawodny partner w drodze na szczyt.<\/p>","protected":false},"excerpt":{"rendered":"<p>The body design of the Twincut series is an instantly recognizable aggressive shape synonymous with some of the most famous &amp; influential rock players in history. From British icons of the 1960\u2019s, rock legends &amp; modern metal players. Its double-cutaway design ensures comfortable access to the upper frets, facilitating seamless lead &amp; rhythm work. The [&hellip;]<\/p>\n","protected":false},"featured_media":7087,"comment_status":"open","ping_status":"closed","template":"","meta":[],"product_brand":[],"product_cat":[67],"product_tag":[],"class_list":{"0":"post-7074","1":"product","2":"type-product","3":"status-publish","4":"has-post-thumbnail","6":"product_cat-twincut","7":"pa_finish-night-black","8":"pa_finish-yellow","9":"pa_finish-cherry-pie","11":"first","12":"instock","13":"taxable","14":"shipping-taxable","15":"product-type-variable","16":"wvs-archive-product-wrapper"},"_links":{"self":[{"href":"https:\/\/arrowguitars.com\/pl\/wp-json\/wp\/v2\/product\/7074","targetHints":{"allow":["GET"]}}],"collection":[{"href":"https:\/\/arrowguitars.com\/pl\/wp-json\/wp\/v2\/product"}],"about":[{"href":"https:\/\/arrowguitars.com\/pl\/wp-json\/wp\/v2\/types\/product"}],"replies":[{"embeddable":true,"href":"https:\/\/arrowguitars.com\/pl\/wp-json\/wp\/v2\/comments?post=7074"}],"version-history":[{"count":2,"href":"https:\/\/arrowguitars.com\/pl\/wp-json\/wp\/v2\/product\/7074\/revisions"}],"predecessor-version":[{"id":7133,"href":"https:\/\/arrowguitars.com\/pl\/wp-json\/wp\/v2\/product\/7074\/revisions\/7133"}],"wp:featuredmedia":[{"embeddable":true,"href":"https:\/\/arrowguitars.com\/pl\/wp-json\/wp\/v2\/media\/7087"}],"wp:attachment":[{"href":"https:\/\/arrowguitars.com\/pl\/wp-json\/wp\/v2\/media?parent=7074"}],"wp:term":[{"taxonomy":"product_brand","embeddable":true,"href":"https:\/\/arrowguitars.com\/pl\/wp-json\/wp\/v2\/product_brand?post=7074"},{"taxonomy":"product_cat","embeddable":true,"href":"https:\/\/arrowguitars.com\/pl\/wp-json\/wp\/v2\/product_cat?post=7074"},{"taxonomy":"product_tag","embeddable":true,"href":"https:\/\/arrowguitars.com\/pl\/wp-json\/wp\/v2\/product_tag?post=7074"}],"curies":[{"name":"wp","href":"https:\/\/api.w.org\/{rel}","templated":true}]}}