{"id":7351,"date":"2024-10-16T15:50:48","date_gmt":"2024-10-16T13:50:48","guid":{"rendered":"https:\/\/arrowguitars.com\/?post_type=product&#038;p=7351"},"modified":"2025-11-12T14:16:50","modified_gmt":"2025-11-12T13:16:50","slug":"czapka-z-daszkiem","status":"publish","type":"product","link":"https:\/\/arrowguitars.com\/pl\/produkt\/czapka-z-daszkiem\/","title":{"rendered":"Czapka z daszkiem"},"content":{"rendered":"<p>Wysokiej jako\u015bci 5-panelowa czapka z kontrastow\u0105 wstawk\u0105, 4 otworami wentylacyjnymi, 6 szwami na daszku, wypustkami z przodu, zapi\u0119ciem na rzep i mi\u0119kk\u0105 opask\u0105 przeciwpotn\u0105.<\/p>","protected":false},"excerpt":{"rendered":"<p>Wysokiej jako\u015bci 5-panelowa czapka z kontrastow\u0105 wstawk\u0105, 4 otworami wentylacyjnymi, 6 szwami na daszku, wypustkami z przodu, zapi\u0119ciem na rzep i mi\u0119kk\u0105 opask\u0105 przeciwpotn\u0105.<\/p>","protected":false},"featured_media":7356,"comment_status":"open","ping_status":"closed","template":"","meta":[],"product_brand":[],"product_cat":[57],"product_tag":[],"class_list":{"0":"post-7351","1":"product","2":"type-product","3":"status-publish","4":"has-post-thumbnail","6":"product_cat-apparel","7":"pa_finish-black-2","8":"pa_finish-black-white","9":"pa_finish-white-black","11":"first","12":"instock","13":"taxable","14":"shipping-taxable","15":"product-type-variable","16":"wvs-archive-product-wrapper"},"_links":{"self":[{"href":"https:\/\/arrowguitars.com\/pl\/wp-json\/wp\/v2\/product\/7351","targetHints":{"allow":["GET"]}}],"collection":[{"href":"https:\/\/arrowguitars.com\/pl\/wp-json\/wp\/v2\/product"}],"about":[{"href":"https:\/\/arrowguitars.com\/pl\/wp-json\/wp\/v2\/types\/product"}],"replies":[{"embeddable":true,"href":"https:\/\/arrowguitars.com\/pl\/wp-json\/wp\/v2\/comments?post=7351"}],"version-history":[{"count":3,"href":"https:\/\/arrowguitars.com\/pl\/wp-json\/wp\/v2\/product\/7351\/revisions"}],"predecessor-version":[{"id":7363,"href":"https:\/\/arrowguitars.com\/pl\/wp-json\/wp\/v2\/product\/7351\/revisions\/7363"}],"wp:featuredmedia":[{"embeddable":true,"href":"https:\/\/arrowguitars.com\/pl\/wp-json\/wp\/v2\/media\/7356"}],"wp:attachment":[{"href":"https:\/\/arrowguitars.com\/pl\/wp-json\/wp\/v2\/media?parent=7351"}],"wp:term":[{"taxonomy":"product_brand","embeddable":true,"href":"https:\/\/arrowguitars.com\/pl\/wp-json\/wp\/v2\/product_brand?post=7351"},{"taxonomy":"product_cat","embeddable":true,"href":"https:\/\/arrowguitars.com\/pl\/wp-json\/wp\/v2\/product_cat?post=7351"},{"taxonomy":"product_tag","embeddable":true,"href":"https:\/\/arrowguitars.com\/pl\/wp-json\/wp\/v2\/product_tag?post=7351"}],"curies":[{"name":"wp","href":"https:\/\/api.w.org\/{rel}","templated":true}]}}