{"id":7728,"date":"2025-01-02T10:20:10","date_gmt":"2025-01-02T09:20:10","guid":{"rendered":"https:\/\/arrowguitars.com\/?post_type=product&#038;p=7728"},"modified":"2025-11-12T14:16:49","modified_gmt":"2025-11-12T13:16:49","slug":"platyna","status":"publish","type":"product","link":"https:\/\/arrowguitars.com\/pl\/produkt\/platyna\/","title":{"rendered":"Platinum"},"content":{"rendered":"<p>R\u0119cznie konstruowane przez wykwalifikowanych lutnik\u00f3w. Instrumenty z serii Platinum s\u0105 tworzone przy u\u017cyciu r\u0119cznie wyselekcjonowanego drewna, aby zapewni\u0107 optymaln\u0105 tonalno\u015b\u0107, daj\u0105c w efekcie ponadczasow\u0105 gitar\u0119, kt\u00f3ra wygl\u0105da, brzmi i gra z wyj\u0105tkow\u0105 finezj\u0105. Dla prawdziwych poszukiwaczy ton\u00f3w, kt\u00f3rzy szukaj\u0105 powa\u017cnej gitary premium, kt\u00f3ra mo\u017ce dzia\u0142a\u0107, pozostaj\u0105c jednocze\u015bnie \u0142atw\u0105 i przyjemn\u0105 w grze, seria Platinum jest idealnym wyborem.<\/p>","protected":false},"excerpt":{"rendered":"<p>Hand built by skilled guitar builders. Platinum series instruments are created using hand selected woods to ensure optimum tonality. Providing a timeless guitar that looks, sounds and plays with exceptional finesse. For true tone seekers looking for a seriously premium guitar that can perform while remaining easy and fun to play the Platinum Series is [&hellip;]<\/p>\n","protected":false},"featured_media":7768,"comment_status":"open","ping_status":"closed","template":"","meta":[],"product_brand":[],"product_cat":[70],"product_tag":[],"class_list":{"0":"post-7728","1":"product","2":"type-product","3":"status-publish","4":"has-post-thumbnail","6":"product_cat-platinum","8":"first","9":"instock","10":"taxable","11":"shipping-taxable","12":"product-type-variable","13":"has-default-attributes","14":"wvs-archive-product-wrapper"},"_links":{"self":[{"href":"https:\/\/arrowguitars.com\/pl\/wp-json\/wp\/v2\/product\/7728","targetHints":{"allow":["GET"]}}],"collection":[{"href":"https:\/\/arrowguitars.com\/pl\/wp-json\/wp\/v2\/product"}],"about":[{"href":"https:\/\/arrowguitars.com\/pl\/wp-json\/wp\/v2\/types\/product"}],"replies":[{"embeddable":true,"href":"https:\/\/arrowguitars.com\/pl\/wp-json\/wp\/v2\/comments?post=7728"}],"version-history":[{"count":4,"href":"https:\/\/arrowguitars.com\/pl\/wp-json\/wp\/v2\/product\/7728\/revisions"}],"predecessor-version":[{"id":12493,"href":"https:\/\/arrowguitars.com\/pl\/wp-json\/wp\/v2\/product\/7728\/revisions\/12493"}],"wp:featuredmedia":[{"embeddable":true,"href":"https:\/\/arrowguitars.com\/pl\/wp-json\/wp\/v2\/media\/7768"}],"wp:attachment":[{"href":"https:\/\/arrowguitars.com\/pl\/wp-json\/wp\/v2\/media?parent=7728"}],"wp:term":[{"taxonomy":"product_brand","embeddable":true,"href":"https:\/\/arrowguitars.com\/pl\/wp-json\/wp\/v2\/product_brand?post=7728"},{"taxonomy":"product_cat","embeddable":true,"href":"https:\/\/arrowguitars.com\/pl\/wp-json\/wp\/v2\/product_cat?post=7728"},{"taxonomy":"product_tag","embeddable":true,"href":"https:\/\/arrowguitars.com\/pl\/wp-json\/wp\/v2\/product_tag?post=7728"}],"curies":[{"name":"wp","href":"https:\/\/api.w.org\/{rel}","templated":true}]}}